{"id":8265,"date":"2026-03-10T11:07:34","date_gmt":"2026-03-10T10:07:34","guid":{"rendered":"https:\/\/www.home3d.nl\/product\/accueil-3d-poignee-de-porte-bouclier-longitudinal-carre\/"},"modified":"2026-05-13T09:38:29","modified_gmt":"2026-05-13T08:38:29","slug":"home-3d-poignee-de-porte-bouclier-longitudinal-carre","status":"publish","type":"product","link":"https:\/\/www.home3d.nl\/fr\/produit\/home-3d-poignee-de-porte-bouclier-longitudinal-carre\/","title":{"rendered":"Home 3D Poign\u00e9e de porte Bouclier longitudinal - Carr\u00e9"},"content":{"rendered":"<p><strong>Donnez \u00e0 vos portes une touche de modernit\u00e9 avec la poign\u00e9e de porte carr\u00e9e sur plaque longue.<\/strong><\/p>\n<p data-path-to-node=\"5\">Vous recherchez une finition \u00e9l\u00e9gante et moderne pour vos portes int\u00e9rieures ? Nos poign\u00e9es de porte \u00e0 plaque longue offrent l&rsquo;\u00e9quilibre parfait entre le design industriel et l&rsquo;artisanat innovant. Alors que la version ronde classique a souvent une pr\u00e9sence subtile, ce mod\u00e8le carr\u00e9 s&rsquo;impose avec force et robustesse dans n&rsquo;importe quelle pi\u00e8ce. Qu&rsquo;il s&rsquo;agisse d&rsquo;une nouvelle construction minimaliste ou d&rsquo;un loft industriel, cette garniture de porte est la touche finale id\u00e9ale.<\/p>\n<p data-path-to-node=\"6\">Chaque set est soigneusement con\u00e7u, imprim\u00e9 en 3D et assembl\u00e9 aux Pays-Bas par Home 3D. Il en r\u00e9sulte une texture unique et subtile qui n&rsquo;a pas seulement un aspect luxueux, mais qui offre \u00e9galement une prise en main tr\u00e8s agr\u00e9able. L&rsquo;utilisation de techniques d&rsquo;impression 3D avanc\u00e9es nous permet de cr\u00e9er des poign\u00e9es de porte originales, apportant dans votre maison un produit que l&rsquo;on ne trouve nulle part ailleurs.<\/p>\n<p data-path-to-node=\"6\"><b data-path-to-node=\"7\" data-index-in-node=\"0\">Design \u00e9pur\u00e9 et fabrication durable<\/b><\/p>\n<p data-path-to-node=\"7\">Nos longboards carr\u00e9s sont con\u00e7us pour r\u00e9sister \u00e0 des ann\u00e9es d&rsquo;utilisation intensive. Nous croyons en la production locale et n&rsquo;utilisons que des mat\u00e9riaux solides et durables. Vous optez ainsi pour un produit respectueux de l&rsquo;environnement, sans compromis sur le style ou la qualit\u00e9. Les formes angulaires de la plaque longue et du loquet s&rsquo;adaptent parfaitement aux tendances actuelles en mati\u00e8re de d\u00e9coration int\u00e9rieure, qui privil\u00e9gient les accents noirs et les lignes \u00e9pur\u00e9es.<\/p>\n<p data-path-to-node=\"7\"><b data-path-to-node=\"8\" data-index-in-node=\"0\">Assemblage facile et 10 couleurs \u00e9l\u00e9gantes<\/b><\/p>\n<p data-path-to-node=\"8\">L&rsquo;installation de cette garniture de porte est \u00e9tonnamment simple et s&rsquo;adapte \u00e0 pratiquement toutes les portes int\u00e9rieures standard aux Pays-Bas. En quelques minutes, vous pouvez donner un tout nouveau look \u00e0 votre maison. Parce que les go\u00fbts sont personnels, nous proposons cette version carr\u00e9e dans pas moins de 10 couleurs diff\u00e9rentes. Du noir intemporel \u00e0 l&rsquo;anthracite moderne, en passant par des couleurs tendance uniques, il y a toujours un assortiment pour vos portes. De plus, chaque poign\u00e9e de porte est inalt\u00e9rable, r\u00e9sistante et tr\u00e8s facile \u00e0 entretenir. Choisissez l&rsquo;innovation Home 3D et faites l&rsquo;exp\u00e9rience de la qualit\u00e9 dans les moindres d\u00e9tails.<\/p>\n<p data-path-to-node=\"6\">\n","protected":false},"excerpt":{"rendered":"<p><strong>Donnez \u00e0 vos portes une touche de modernit\u00e9 avec la poign\u00e9e de porte carr\u00e9e sur plaque longue.<\/strong><\/p>\n<p data-path-to-node=\"5\">Vous recherchez une finition \u00e9l\u00e9gante et moderne pour vos portes int\u00e9rieures ? Nos poign\u00e9es de porte \u00e0 plaque longue offrent l&rsquo;\u00e9quilibre parfait entre le design industriel et l&rsquo;artisanat innovant. Alors que la version ronde classique a souvent une pr\u00e9sence subtile, ce mod\u00e8le carr\u00e9 s&rsquo;impose avec force et robustesse dans n&rsquo;importe quelle pi\u00e8ce. Qu&rsquo;il s&rsquo;agisse d&rsquo;une nouvelle construction minimaliste ou d&rsquo;un loft industriel, cette garniture de porte est la touche finale id\u00e9ale.<\/p>\n<p data-path-to-node=\"6\">Chaque set est soigneusement con\u00e7u, imprim\u00e9 en 3D et assembl\u00e9 aux Pays-Bas par Home 3D. Il en r\u00e9sulte une texture unique et subtile qui n&rsquo;a pas seulement un aspect luxueux, mais qui offre \u00e9galement une prise en main tr\u00e8s agr\u00e9able. L&rsquo;utilisation de techniques d&rsquo;impression 3D avanc\u00e9es nous permet de cr\u00e9er des poign\u00e9es de porte originales, apportant dans votre maison un produit que l&rsquo;on ne trouve nulle part ailleurs.<\/p>\n<p data-path-to-node=\"6\"><b data-path-to-node=\"7\" data-index-in-node=\"0\">Design \u00e9pur\u00e9 et fabrication durable<\/b><\/p>\n<p data-path-to-node=\"7\">Nos longboards carr\u00e9s sont con\u00e7us pour r\u00e9sister \u00e0 des ann\u00e9es d&rsquo;utilisation intensive. Nous croyons en la production locale et n&rsquo;utilisons que des mat\u00e9riaux solides et durables. Vous optez ainsi pour un produit respectueux de l&rsquo;environnement, sans compromis sur le style ou la qualit\u00e9. Les formes angulaires de la plaque longue et du loquet s&rsquo;adaptent parfaitement aux tendances actuelles en mati\u00e8re de d\u00e9coration int\u00e9rieure, qui privil\u00e9gient les accents noirs et les lignes \u00e9pur\u00e9es.<\/p>\n<p data-path-to-node=\"7\"><b data-path-to-node=\"8\" data-index-in-node=\"0\">Assemblage facile et 10 couleurs \u00e9l\u00e9gantes<\/b><\/p>\n<p data-path-to-node=\"8\">L&rsquo;installation de cette garniture de porte est \u00e9tonnamment simple et s&rsquo;adapte \u00e0 pratiquement toutes les portes int\u00e9rieures standard aux Pays-Bas. En quelques minutes, vous pouvez donner un tout nouveau look \u00e0 votre maison. Parce que les go\u00fbts sont personnels, nous proposons cette version carr\u00e9e dans pas moins de 10 couleurs diff\u00e9rentes. Du noir intemporel \u00e0 l&rsquo;anthracite moderne, en passant par des couleurs tendance uniques, il y a toujours un assortiment pour vos portes. De plus, chaque poign\u00e9e de porte est inalt\u00e9rable, r\u00e9sistante et tr\u00e8s facile \u00e0 entretenir. Choisissez l&rsquo;innovation Home 3D et faites l&rsquo;exp\u00e9rience de la qualit\u00e9 dans les moindres d\u00e9tails.<\/p>\n","protected":false},"featured_media":9605,"comment_status":"open","ping_status":"closed","template":"","meta":{"_acf_changed":false,"inline_featured_image":false},"product_brand":[],"product_cat":[170],"product_tag":[],"class_list":{"0":"post-8265","1":"product","2":"type-product","3":"status-publish","4":"has-post-thumbnail","6":"product_cat-poignees-de-porte","7":"product_shipping_class-paquet","9":"first","10":"instock","11":"taxable","12":"shipping-taxable","13":"purchasable","14":"product-type-variable"},"acf":[],"yoast_head":"<!-- This site is optimized with the Yoast SEO plugin v27.6 - https:\/\/yoast.com\/product\/yoast-seo-wordpress\/ -->\n<title>Poign\u00e9e de Porte Carr\u00e9e sur Plaque | Unique Design | Home 3D<\/title>\n<meta name=\"description\" content=\"D\u00e9couvrez nos poign\u00e9es de porte carr\u00e9es sur plaque longue. Un design industriel unique imprim\u00e9 en 3D aux Pays-Bas. Durable, moderne et disponible en 10 couleurs\" \/>\n<meta name=\"robots\" content=\"index, follow, max-snippet:-1, max-image-preview:large, max-video-preview:-1\" \/>\n<link rel=\"canonical\" href=\"https:\/\/www.home3d.nl\/fr\/produit\/home-3d-poignee-de-porte-bouclier-longitudinal-carre\/\" \/>\n<meta property=\"og:locale\" content=\"fr_FR\" \/>\n<meta property=\"og:type\" content=\"article\" \/>\n<meta property=\"og:title\" content=\"Poign\u00e9e de Porte Carr\u00e9e sur Plaque | Unique Design | Home 3D\" \/>\n<meta property=\"og:description\" content=\"D\u00e9couvrez nos poign\u00e9es de porte carr\u00e9es sur plaque longue. Un design industriel unique imprim\u00e9 en 3D aux Pays-Bas. Durable, moderne et disponible en 10 couleurs\" \/>\n<meta property=\"og:url\" content=\"https:\/\/www.home3d.nl\/fr\/produit\/home-3d-poignee-de-porte-bouclier-longitudinal-carre\/\" \/>\n<meta property=\"og:site_name\" content=\"Home3D.nl\" \/>\n<meta property=\"article:modified_time\" content=\"2026-05-13T08:38:29+00:00\" \/>\n<meta property=\"og:image\" content=\"https:\/\/www.home3d.nl\/wp-content\/uploads\/2026\/03\/Deurklink-Wit-_-Vooraanzicht.jpg\" \/>\n\t<meta property=\"og:image:width\" content=\"1080\" \/>\n\t<meta property=\"og:image:height\" content=\"1080\" \/>\n\t<meta property=\"og:image:type\" content=\"image\/jpeg\" \/>\n<meta name=\"twitter:card\" content=\"summary_large_image\" \/>\n<meta name=\"twitter:label1\" content=\"Dur\u00e9e de lecture estim\u00e9e\" \/>\n\t<meta name=\"twitter:data1\" content=\"2 minutes\" \/>\n<script type=\"application\/ld+json\" class=\"yoast-schema-graph\">{\"@context\":\"https:\\\/\\\/schema.org\",\"@graph\":[{\"@type\":\"WebPage\",\"@id\":\"https:\\\/\\\/www.home3d.nl\\\/fr\\\/produit\\\/home-3d-poignee-de-porte-bouclier-longitudinal-carre\\\/\",\"url\":\"https:\\\/\\\/www.home3d.nl\\\/fr\\\/produit\\\/home-3d-poignee-de-porte-bouclier-longitudinal-carre\\\/\",\"name\":\"Poign\u00e9e de Porte Carr\u00e9e sur Plaque | Unique Design | Home 3D\",\"isPartOf\":{\"@id\":\"https:\\\/\\\/www.home3d.nl\\\/fr\\\/#website\"},\"primaryImageOfPage\":{\"@id\":\"https:\\\/\\\/www.home3d.nl\\\/fr\\\/produit\\\/home-3d-poignee-de-porte-bouclier-longitudinal-carre\\\/#primaryimage\"},\"image\":{\"@id\":\"https:\\\/\\\/www.home3d.nl\\\/fr\\\/produit\\\/home-3d-poignee-de-porte-bouclier-longitudinal-carre\\\/#primaryimage\"},\"thumbnailUrl\":\"https:\\\/\\\/www.home3d.nl\\\/wp-content\\\/uploads\\\/2026\\\/04\\\/uin-2.jpg\",\"datePublished\":\"2026-03-10T10:07:34+00:00\",\"dateModified\":\"2026-05-13T08:38:29+00:00\",\"description\":\"D\u00e9couvrez nos poign\u00e9es de porte carr\u00e9es sur plaque longue. Un design industriel unique imprim\u00e9 en 3D aux Pays-Bas. Durable, moderne et disponible en 10 couleurs\",\"breadcrumb\":{\"@id\":\"https:\\\/\\\/www.home3d.nl\\\/fr\\\/produit\\\/home-3d-poignee-de-porte-bouclier-longitudinal-carre\\\/#breadcrumb\"},\"inLanguage\":\"fr-FR\",\"potentialAction\":[{\"@type\":\"ReadAction\",\"target\":[\"https:\\\/\\\/www.home3d.nl\\\/fr\\\/produit\\\/home-3d-poignee-de-porte-bouclier-longitudinal-carre\\\/\"]}]},{\"@type\":\"ImageObject\",\"inLanguage\":\"fr-FR\",\"@id\":\"https:\\\/\\\/www.home3d.nl\\\/fr\\\/produit\\\/home-3d-poignee-de-porte-bouclier-longitudinal-carre\\\/#primaryimage\",\"url\":\"https:\\\/\\\/www.home3d.nl\\\/wp-content\\\/uploads\\\/2026\\\/04\\\/uin-2.jpg\",\"contentUrl\":\"https:\\\/\\\/www.home3d.nl\\\/wp-content\\\/uploads\\\/2026\\\/04\\\/uin-2.jpg\",\"width\":1080,\"height\":1080,\"caption\":\"Deurklink Langschild Wit vierkant op model\"},{\"@type\":\"BreadcrumbList\",\"@id\":\"https:\\\/\\\/www.home3d.nl\\\/fr\\\/produit\\\/home-3d-poignee-de-porte-bouclier-longitudinal-carre\\\/#breadcrumb\",\"itemListElement\":[{\"@type\":\"ListItem\",\"position\":1,\"name\":\"Accueil\",\"item\":\"https:\\\/\\\/www.home3d.nl\\\/fr\\\/\"},{\"@type\":\"ListItem\",\"position\":2,\"name\":\"Boutique\",\"item\":\"https:\\\/\\\/www.home3d.nl\\\/fr\\\/boutique\\\/\"},{\"@type\":\"ListItem\",\"position\":3,\"name\":\"Home 3D Poign\u00e9e de porte Bouclier longitudinal - Carr\u00e9\"}]},{\"@type\":\"WebSite\",\"@id\":\"https:\\\/\\\/www.home3d.nl\\\/fr\\\/#website\",\"url\":\"https:\\\/\\\/www.home3d.nl\\\/fr\\\/\",\"name\":\"Home3D.nl\",\"description\":\"\",\"publisher\":{\"@id\":\"https:\\\/\\\/www.home3d.nl\\\/fr\\\/#organization\"},\"potentialAction\":[{\"@type\":\"SearchAction\",\"target\":{\"@type\":\"EntryPoint\",\"urlTemplate\":\"https:\\\/\\\/www.home3d.nl\\\/fr\\\/?s={search_term_string}\"},\"query-input\":{\"@type\":\"PropertyValueSpecification\",\"valueRequired\":true,\"valueName\":\"search_term_string\"}}],\"inLanguage\":\"fr-FR\"},{\"@type\":\"Organization\",\"@id\":\"https:\\\/\\\/www.home3d.nl\\\/fr\\\/#organization\",\"name\":\"Home3D.nl\",\"url\":\"https:\\\/\\\/www.home3d.nl\\\/fr\\\/\",\"logo\":{\"@type\":\"ImageObject\",\"inLanguage\":\"fr-FR\",\"@id\":\"https:\\\/\\\/www.home3d.nl\\\/fr\\\/#\\\/schema\\\/logo\\\/image\\\/\",\"url\":\"https:\\\/\\\/www.home3d.nl\\\/wp-content\\\/uploads\\\/2023\\\/10\\\/Nieuw_logo_home_3d-1.png\",\"contentUrl\":\"https:\\\/\\\/www.home3d.nl\\\/wp-content\\\/uploads\\\/2023\\\/10\\\/Nieuw_logo_home_3d-1.png\",\"width\":8880,\"height\":4000,\"caption\":\"Home3D.nl\"},\"image\":{\"@id\":\"https:\\\/\\\/www.home3d.nl\\\/fr\\\/#\\\/schema\\\/logo\\\/image\\\/\"}}]}<\/script>\n<!-- \/ Yoast SEO plugin. -->","yoast_head_json":{"title":"Poign\u00e9e de Porte Carr\u00e9e sur Plaque | Unique Design | Home 3D","description":"D\u00e9couvrez nos poign\u00e9es de porte carr\u00e9es sur plaque longue. Un design industriel unique imprim\u00e9 en 3D aux Pays-Bas. Durable, moderne et disponible en 10 couleurs","robots":{"index":"index","follow":"follow","max-snippet":"max-snippet:-1","max-image-preview":"max-image-preview:large","max-video-preview":"max-video-preview:-1"},"canonical":"https:\/\/www.home3d.nl\/fr\/produit\/home-3d-poignee-de-porte-bouclier-longitudinal-carre\/","og_locale":"fr_FR","og_type":"article","og_title":"Poign\u00e9e de Porte Carr\u00e9e sur Plaque | Unique Design | Home 3D","og_description":"D\u00e9couvrez nos poign\u00e9es de porte carr\u00e9es sur plaque longue. Un design industriel unique imprim\u00e9 en 3D aux Pays-Bas. Durable, moderne et disponible en 10 couleurs","og_url":"https:\/\/www.home3d.nl\/fr\/produit\/home-3d-poignee-de-porte-bouclier-longitudinal-carre\/","og_site_name":"Home3D.nl","article_modified_time":"2026-05-13T08:38:29+00:00","og_image":[{"width":1080,"height":1080,"url":"https:\/\/www.home3d.nl\/wp-content\/uploads\/2026\/03\/Deurklink-Wit-_-Vooraanzicht.jpg","type":"image\/jpeg"}],"twitter_card":"summary_large_image","twitter_misc":{"Dur\u00e9e de lecture estim\u00e9e":"2 minutes"},"schema":{"@context":"https:\/\/schema.org","@graph":[{"@type":"WebPage","@id":"https:\/\/www.home3d.nl\/fr\/produit\/home-3d-poignee-de-porte-bouclier-longitudinal-carre\/","url":"https:\/\/www.home3d.nl\/fr\/produit\/home-3d-poignee-de-porte-bouclier-longitudinal-carre\/","name":"Poign\u00e9e de Porte Carr\u00e9e sur Plaque | Unique Design | Home 3D","isPartOf":{"@id":"https:\/\/www.home3d.nl\/fr\/#website"},"primaryImageOfPage":{"@id":"https:\/\/www.home3d.nl\/fr\/produit\/home-3d-poignee-de-porte-bouclier-longitudinal-carre\/#primaryimage"},"image":{"@id":"https:\/\/www.home3d.nl\/fr\/produit\/home-3d-poignee-de-porte-bouclier-longitudinal-carre\/#primaryimage"},"thumbnailUrl":"https:\/\/www.home3d.nl\/wp-content\/uploads\/2026\/04\/uin-2.jpg","datePublished":"2026-03-10T10:07:34+00:00","dateModified":"2026-05-13T08:38:29+00:00","description":"D\u00e9couvrez nos poign\u00e9es de porte carr\u00e9es sur plaque longue. Un design industriel unique imprim\u00e9 en 3D aux Pays-Bas. Durable, moderne et disponible en 10 couleurs","breadcrumb":{"@id":"https:\/\/www.home3d.nl\/fr\/produit\/home-3d-poignee-de-porte-bouclier-longitudinal-carre\/#breadcrumb"},"inLanguage":"fr-FR","potentialAction":[{"@type":"ReadAction","target":["https:\/\/www.home3d.nl\/fr\/produit\/home-3d-poignee-de-porte-bouclier-longitudinal-carre\/"]}]},{"@type":"ImageObject","inLanguage":"fr-FR","@id":"https:\/\/www.home3d.nl\/fr\/produit\/home-3d-poignee-de-porte-bouclier-longitudinal-carre\/#primaryimage","url":"https:\/\/www.home3d.nl\/wp-content\/uploads\/2026\/04\/uin-2.jpg","contentUrl":"https:\/\/www.home3d.nl\/wp-content\/uploads\/2026\/04\/uin-2.jpg","width":1080,"height":1080,"caption":"Deurklink Langschild Wit vierkant op model"},{"@type":"BreadcrumbList","@id":"https:\/\/www.home3d.nl\/fr\/produit\/home-3d-poignee-de-porte-bouclier-longitudinal-carre\/#breadcrumb","itemListElement":[{"@type":"ListItem","position":1,"name":"Accueil","item":"https:\/\/www.home3d.nl\/fr\/"},{"@type":"ListItem","position":2,"name":"Boutique","item":"https:\/\/www.home3d.nl\/fr\/boutique\/"},{"@type":"ListItem","position":3,"name":"Home 3D Poign\u00e9e de porte Bouclier longitudinal - Carr\u00e9"}]},{"@type":"WebSite","@id":"https:\/\/www.home3d.nl\/fr\/#website","url":"https:\/\/www.home3d.nl\/fr\/","name":"Home3D.nl","description":"","publisher":{"@id":"https:\/\/www.home3d.nl\/fr\/#organization"},"potentialAction":[{"@type":"SearchAction","target":{"@type":"EntryPoint","urlTemplate":"https:\/\/www.home3d.nl\/fr\/?s={search_term_string}"},"query-input":{"@type":"PropertyValueSpecification","valueRequired":true,"valueName":"search_term_string"}}],"inLanguage":"fr-FR"},{"@type":"Organization","@id":"https:\/\/www.home3d.nl\/fr\/#organization","name":"Home3D.nl","url":"https:\/\/www.home3d.nl\/fr\/","logo":{"@type":"ImageObject","inLanguage":"fr-FR","@id":"https:\/\/www.home3d.nl\/fr\/#\/schema\/logo\/image\/","url":"https:\/\/www.home3d.nl\/wp-content\/uploads\/2023\/10\/Nieuw_logo_home_3d-1.png","contentUrl":"https:\/\/www.home3d.nl\/wp-content\/uploads\/2023\/10\/Nieuw_logo_home_3d-1.png","width":8880,"height":4000,"caption":"Home3D.nl"},"image":{"@id":"https:\/\/www.home3d.nl\/fr\/#\/schema\/logo\/image\/"}}]}},"_links":{"self":[{"href":"https:\/\/www.home3d.nl\/fr\/wp-json\/wp\/v2\/product\/8265","targetHints":{"allow":["GET"]}}],"collection":[{"href":"https:\/\/www.home3d.nl\/fr\/wp-json\/wp\/v2\/product"}],"about":[{"href":"https:\/\/www.home3d.nl\/fr\/wp-json\/wp\/v2\/types\/product"}],"replies":[{"embeddable":true,"href":"https:\/\/www.home3d.nl\/fr\/wp-json\/wp\/v2\/comments?post=8265"}],"version-history":[{"count":0,"href":"https:\/\/www.home3d.nl\/fr\/wp-json\/wp\/v2\/product\/8265\/revisions"}],"wp:featuredmedia":[{"embeddable":true,"href":"https:\/\/www.home3d.nl\/fr\/wp-json\/wp\/v2\/media\/9605"}],"wp:attachment":[{"href":"https:\/\/www.home3d.nl\/fr\/wp-json\/wp\/v2\/media?parent=8265"}],"wp:term":[{"taxonomy":"product_brand","embeddable":true,"href":"https:\/\/www.home3d.nl\/fr\/wp-json\/wp\/v2\/product_brand?post=8265"},{"taxonomy":"product_cat","embeddable":true,"href":"https:\/\/www.home3d.nl\/fr\/wp-json\/wp\/v2\/product_cat?post=8265"},{"taxonomy":"product_tag","embeddable":true,"href":"https:\/\/www.home3d.nl\/fr\/wp-json\/wp\/v2\/product_tag?post=8265"}],"curies":[{"name":"wp","href":"https:\/\/api.w.org\/{rel}","templated":true}]}}