{"id":8057,"date":"2026-03-05T13:06:10","date_gmt":"2026-03-05T12:06:10","guid":{"rendered":"https:\/\/www.home3d.nl\/product\/poignee-de-porte-wood-handle-square\/"},"modified":"2026-05-13T09:39:08","modified_gmt":"2026-05-13T08:39:08","slug":"poignee-de-porte-wood-handle-square","status":"publish","type":"product","link":"https:\/\/www.home3d.nl\/fr\/produit\/poignee-de-porte-wood-handle-square\/","title":{"rendered":"Poign\u00e9e de porte Wood Handle - Square"},"content":{"rendered":"<h5 data-path-to-node=\"3\">Am\u00e9liorez votre int\u00e9rieur avec une poign\u00e9e de porte unique de Home 3D<\/h5>\n<p data-path-to-node=\"4\">Vous cherchez un moyen moderne d&#8217;embellir vos portes ? Nos poign\u00e9es de porte exclusives offrent la combinaison parfaite d&rsquo;un design innovant et d&rsquo;un savoir-faire de haute qualit\u00e9. Chaque poign\u00e9e de porte est con\u00e7ue et produite par nos soins aux Pays-Bas \u00e0 l&rsquo;aide de techniques d&rsquo;impression 3D avanc\u00e9es. Cela vous assure un produit que vous ne trouverez nulle part ailleurs. La texture subtile et tactile conf\u00e8re \u00e0 cette quincaillerie de porte noire ou color\u00e9e un aspect luxueux qui se d\u00e9marque instantan\u00e9ment dans tout int\u00e9rieur moderne.<\/p>\n<h5 data-path-to-node=\"5\">Design n\u00e9erlandais durable et confort optimal<\/h5>\n<p data-path-to-node=\"6\">Chez Home 3D, la qualit\u00e9 est au c\u0153ur de l&rsquo;ensemble du processus de production. Nous n&rsquo;utilisons que des mat\u00e9riaux solides et durables, capables de r\u00e9sister \u00e0 des ann\u00e9es d&rsquo;utilisation intensive. Ainsi, nos poign\u00e9es de porte modernes sont non seulement robustes, mais elles offrent \u00e9galement une prise en main ergonomique et agr\u00e9able. En outre, le montage d&rsquo;une nouvelle poign\u00e9e de porte est tr\u00e8s facile sur presque toutes les portes int\u00e9rieures standard. En quelques minutes, vous pouvez donner un tout nouveau look \u00e0 votre maison gr\u00e2ce \u00e0 cet accessoire de porte unique.<\/p>\n<h5 data-path-to-node=\"7\">Choisissez parmi 10 couleurs \u00e9l\u00e9gantes pour chaque poign\u00e9e de porte<\/h5>\n<p data-path-to-node=\"8\">Chaque style de vie exige une finition sp\u00e9cifique. C&rsquo;est pourquoi notre collection est disponible en 10 couleurs diff\u00e9rentes. Que vous choisissiez les populaires poign\u00e9es de porte noires, l&rsquo;anthracite moderne ou une couleur tendance audacieuse, il y a toujours un assortiment pour vos portes. Chaque poign\u00e9e de porte est inalt\u00e9rable, r\u00e9sistante et facile \u00e0 nettoyer \u00e0 l&rsquo;aide d&rsquo;un chiffon humide. Choisissez l&rsquo;innovation et le style dans les moindres d\u00e9tails de votre maison avec la quincaillerie de porte de Home 3D.<\/p>\n","protected":false},"excerpt":{"rendered":"<h5 data-path-to-node=\"3\">Am\u00e9liorez votre int\u00e9rieur avec une poign\u00e9e de porte unique de Home 3D<\/h5>\n<p data-path-to-node=\"4\">Vous cherchez un moyen moderne d&#8217;embellir vos portes ? Nos poign\u00e9es de porte exclusives offrent la combinaison parfaite d&rsquo;un design innovant et d&rsquo;un savoir-faire de haute qualit\u00e9. Chaque poign\u00e9e de porte est con\u00e7ue et produite par nos soins aux Pays-Bas \u00e0 l&rsquo;aide de techniques d&rsquo;impression 3D avanc\u00e9es. Cela vous assure un produit que vous ne trouverez nulle part ailleurs. La texture subtile et tactile conf\u00e8re \u00e0 cette quincaillerie de porte noire ou color\u00e9e un aspect luxueux qui se d\u00e9marque instantan\u00e9ment dans tout int\u00e9rieur moderne.<\/p>\n<h5 data-path-to-node=\"5\">Design n\u00e9erlandais durable et confort optimal<\/h5>\n<p data-path-to-node=\"6\">Chez Home 3D, la qualit\u00e9 est au c\u0153ur de l&rsquo;ensemble du processus de production. Nous n&rsquo;utilisons que des mat\u00e9riaux solides et durables, capables de r\u00e9sister \u00e0 des ann\u00e9es d&rsquo;utilisation intensive. Ainsi, nos poign\u00e9es de porte modernes sont non seulement robustes, mais elles offrent \u00e9galement une prise en main ergonomique et agr\u00e9able. En outre, le montage d&rsquo;une nouvelle poign\u00e9e de porte est tr\u00e8s facile sur presque toutes les portes int\u00e9rieures standard. En quelques minutes, vous pouvez donner un tout nouveau look \u00e0 votre maison gr\u00e2ce \u00e0 cet accessoire de porte unique.<\/p>\n<h5 data-path-to-node=\"7\">Choisissez parmi 10 couleurs \u00e9l\u00e9gantes pour chaque poign\u00e9e de porte<\/h5>\n<p data-path-to-node=\"8\">Chaque style de vie exige une finition sp\u00e9cifique. C&rsquo;est pourquoi notre collection est disponible en 10 couleurs diff\u00e9rentes. Que vous choisissiez les populaires poign\u00e9es de porte noires, l&rsquo;anthracite moderne ou une couleur tendance audacieuse, il y a toujours un assortiment pour vos portes. Chaque poign\u00e9e de porte est inalt\u00e9rable, r\u00e9sistante et facile \u00e0 nettoyer \u00e0 l&rsquo;aide d&rsquo;un chiffon humide. Choisissez l&rsquo;innovation et le style dans les moindres d\u00e9tails de votre maison avec la quincaillerie de porte de Home 3D.<\/p>\n","protected":false},"featured_media":8059,"comment_status":"open","ping_status":"closed","template":"","meta":{"_acf_changed":false,"inline_featured_image":false},"product_brand":[],"product_cat":[170],"product_tag":[],"class_list":{"0":"post-8057","1":"product","2":"type-product","3":"status-publish","4":"has-post-thumbnail","6":"product_cat-poignees-de-porte","7":"product_shipping_class-paquet","9":"first","10":"instock","11":"taxable","12":"shipping-taxable","13":"purchasable","14":"product-type-variable"},"acf":[],"yoast_head":"<!-- This site is optimized with the Yoast SEO plugin v27.6 - https:\/\/yoast.com\/product\/yoast-seo-wordpress\/ -->\n<title>Acheter poign\u00e9e de porte moderne | Unique Design | Home 3D<\/title>\n<meta name=\"description\" content=\"D\u00e9couvrez les poign\u00e9es de porte uniques imprim\u00e9es en 3D de Home 3D. Un design hollandais, un mat\u00e9riau durable et un choix de 10 couleurs. Donnez un coup de jeune \u00e0 votre int\u00e9rieur d\u00e8s maintenant !\" \/>\n<meta name=\"robots\" content=\"index, follow, max-snippet:-1, max-image-preview:large, max-video-preview:-1\" \/>\n<link rel=\"canonical\" href=\"https:\/\/www.home3d.nl\/fr\/produit\/poignee-de-porte-wood-handle-square\/\" \/>\n<meta property=\"og:locale\" content=\"fr_FR\" \/>\n<meta property=\"og:type\" content=\"article\" \/>\n<meta property=\"og:title\" content=\"Acheter poign\u00e9e de porte moderne | Unique Design | Home 3D\" \/>\n<meta property=\"og:description\" content=\"D\u00e9couvrez les poign\u00e9es de porte uniques imprim\u00e9es en 3D de Home 3D. Un design hollandais, un mat\u00e9riau durable et un choix de 10 couleurs. Donnez un coup de jeune \u00e0 votre int\u00e9rieur d\u00e8s maintenant !\" \/>\n<meta property=\"og:url\" content=\"https:\/\/www.home3d.nl\/fr\/produit\/poignee-de-porte-wood-handle-square\/\" \/>\n<meta property=\"og:site_name\" content=\"Home3D.nl\" \/>\n<meta property=\"article:modified_time\" content=\"2026-05-13T08:39:08+00:00\" \/>\n<meta property=\"og:image\" content=\"https:\/\/www.home3d.nl\/wp-content\/uploads\/2026\/03\/model-foto-Wit.jpg\" \/>\n\t<meta property=\"og:image:width\" content=\"1080\" \/>\n\t<meta property=\"og:image:height\" content=\"1080\" \/>\n\t<meta property=\"og:image:type\" content=\"image\/jpeg\" \/>\n<meta name=\"twitter:card\" content=\"summary_large_image\" \/>\n<meta name=\"twitter:label1\" content=\"Dur\u00e9e de lecture estim\u00e9e\" \/>\n\t<meta name=\"twitter:data1\" content=\"2 minutes\" \/>\n<script type=\"application\/ld+json\" class=\"yoast-schema-graph\">{\"@context\":\"https:\\\/\\\/schema.org\",\"@graph\":[{\"@type\":\"WebPage\",\"@id\":\"https:\\\/\\\/www.home3d.nl\\\/fr\\\/produit\\\/poignee-de-porte-wood-handle-square\\\/\",\"url\":\"https:\\\/\\\/www.home3d.nl\\\/fr\\\/produit\\\/poignee-de-porte-wood-handle-square\\\/\",\"name\":\"Acheter poign\u00e9e de porte moderne | Unique Design | Home 3D\",\"isPartOf\":{\"@id\":\"https:\\\/\\\/www.home3d.nl\\\/fr\\\/#website\"},\"primaryImageOfPage\":{\"@id\":\"https:\\\/\\\/www.home3d.nl\\\/fr\\\/produit\\\/poignee-de-porte-wood-handle-square\\\/#primaryimage\"},\"image\":{\"@id\":\"https:\\\/\\\/www.home3d.nl\\\/fr\\\/produit\\\/poignee-de-porte-wood-handle-square\\\/#primaryimage\"},\"thumbnailUrl\":\"https:\\\/\\\/www.home3d.nl\\\/wp-content\\\/uploads\\\/2026\\\/03\\\/model-foto-Wit.jpg\",\"datePublished\":\"2026-03-05T12:06:10+00:00\",\"dateModified\":\"2026-05-13T08:39:08+00:00\",\"description\":\"D\u00e9couvrez les poign\u00e9es de porte uniques imprim\u00e9es en 3D de Home 3D. Un design hollandais, un mat\u00e9riau durable et un choix de 10 couleurs. Donnez un coup de jeune \u00e0 votre int\u00e9rieur d\u00e8s maintenant !\",\"breadcrumb\":{\"@id\":\"https:\\\/\\\/www.home3d.nl\\\/fr\\\/produit\\\/poignee-de-porte-wood-handle-square\\\/#breadcrumb\"},\"inLanguage\":\"fr-FR\",\"potentialAction\":[{\"@type\":\"ReadAction\",\"target\":[\"https:\\\/\\\/www.home3d.nl\\\/fr\\\/produit\\\/poignee-de-porte-wood-handle-square\\\/\"]}]},{\"@type\":\"ImageObject\",\"inLanguage\":\"fr-FR\",\"@id\":\"https:\\\/\\\/www.home3d.nl\\\/fr\\\/produit\\\/poignee-de-porte-wood-handle-square\\\/#primaryimage\",\"url\":\"https:\\\/\\\/www.home3d.nl\\\/wp-content\\\/uploads\\\/2026\\\/03\\\/model-foto-Wit.jpg\",\"contentUrl\":\"https:\\\/\\\/www.home3d.nl\\\/wp-content\\\/uploads\\\/2026\\\/03\\\/model-foto-Wit.jpg\",\"width\":1080,\"height\":1080},{\"@type\":\"BreadcrumbList\",\"@id\":\"https:\\\/\\\/www.home3d.nl\\\/fr\\\/produit\\\/poignee-de-porte-wood-handle-square\\\/#breadcrumb\",\"itemListElement\":[{\"@type\":\"ListItem\",\"position\":1,\"name\":\"Accueil\",\"item\":\"https:\\\/\\\/www.home3d.nl\\\/fr\\\/\"},{\"@type\":\"ListItem\",\"position\":2,\"name\":\"Boutique\",\"item\":\"https:\\\/\\\/www.home3d.nl\\\/fr\\\/boutique\\\/\"},{\"@type\":\"ListItem\",\"position\":3,\"name\":\"Poign\u00e9e de porte Wood Handle - Square\"}]},{\"@type\":\"WebSite\",\"@id\":\"https:\\\/\\\/www.home3d.nl\\\/fr\\\/#website\",\"url\":\"https:\\\/\\\/www.home3d.nl\\\/fr\\\/\",\"name\":\"Home3D.nl\",\"description\":\"\",\"publisher\":{\"@id\":\"https:\\\/\\\/www.home3d.nl\\\/fr\\\/#organization\"},\"potentialAction\":[{\"@type\":\"SearchAction\",\"target\":{\"@type\":\"EntryPoint\",\"urlTemplate\":\"https:\\\/\\\/www.home3d.nl\\\/fr\\\/?s={search_term_string}\"},\"query-input\":{\"@type\":\"PropertyValueSpecification\",\"valueRequired\":true,\"valueName\":\"search_term_string\"}}],\"inLanguage\":\"fr-FR\"},{\"@type\":\"Organization\",\"@id\":\"https:\\\/\\\/www.home3d.nl\\\/fr\\\/#organization\",\"name\":\"Home3D.nl\",\"url\":\"https:\\\/\\\/www.home3d.nl\\\/fr\\\/\",\"logo\":{\"@type\":\"ImageObject\",\"inLanguage\":\"fr-FR\",\"@id\":\"https:\\\/\\\/www.home3d.nl\\\/fr\\\/#\\\/schema\\\/logo\\\/image\\\/\",\"url\":\"https:\\\/\\\/www.home3d.nl\\\/wp-content\\\/uploads\\\/2023\\\/10\\\/Nieuw_logo_home_3d-1.png\",\"contentUrl\":\"https:\\\/\\\/www.home3d.nl\\\/wp-content\\\/uploads\\\/2023\\\/10\\\/Nieuw_logo_home_3d-1.png\",\"width\":8880,\"height\":4000,\"caption\":\"Home3D.nl\"},\"image\":{\"@id\":\"https:\\\/\\\/www.home3d.nl\\\/fr\\\/#\\\/schema\\\/logo\\\/image\\\/\"}}]}<\/script>\n<!-- \/ Yoast SEO plugin. -->","yoast_head_json":{"title":"Acheter poign\u00e9e de porte moderne | Unique Design | Home 3D","description":"D\u00e9couvrez les poign\u00e9es de porte uniques imprim\u00e9es en 3D de Home 3D. Un design hollandais, un mat\u00e9riau durable et un choix de 10 couleurs. Donnez un coup de jeune \u00e0 votre int\u00e9rieur d\u00e8s maintenant !","robots":{"index":"index","follow":"follow","max-snippet":"max-snippet:-1","max-image-preview":"max-image-preview:large","max-video-preview":"max-video-preview:-1"},"canonical":"https:\/\/www.home3d.nl\/fr\/produit\/poignee-de-porte-wood-handle-square\/","og_locale":"fr_FR","og_type":"article","og_title":"Acheter poign\u00e9e de porte moderne | Unique Design | Home 3D","og_description":"D\u00e9couvrez les poign\u00e9es de porte uniques imprim\u00e9es en 3D de Home 3D. Un design hollandais, un mat\u00e9riau durable et un choix de 10 couleurs. Donnez un coup de jeune \u00e0 votre int\u00e9rieur d\u00e8s maintenant !","og_url":"https:\/\/www.home3d.nl\/fr\/produit\/poignee-de-porte-wood-handle-square\/","og_site_name":"Home3D.nl","article_modified_time":"2026-05-13T08:39:08+00:00","og_image":[{"width":1080,"height":1080,"url":"https:\/\/www.home3d.nl\/wp-content\/uploads\/2026\/03\/model-foto-Wit.jpg","type":"image\/jpeg"}],"twitter_card":"summary_large_image","twitter_misc":{"Dur\u00e9e de lecture estim\u00e9e":"2 minutes"},"schema":{"@context":"https:\/\/schema.org","@graph":[{"@type":"WebPage","@id":"https:\/\/www.home3d.nl\/fr\/produit\/poignee-de-porte-wood-handle-square\/","url":"https:\/\/www.home3d.nl\/fr\/produit\/poignee-de-porte-wood-handle-square\/","name":"Acheter poign\u00e9e de porte moderne | Unique Design | Home 3D","isPartOf":{"@id":"https:\/\/www.home3d.nl\/fr\/#website"},"primaryImageOfPage":{"@id":"https:\/\/www.home3d.nl\/fr\/produit\/poignee-de-porte-wood-handle-square\/#primaryimage"},"image":{"@id":"https:\/\/www.home3d.nl\/fr\/produit\/poignee-de-porte-wood-handle-square\/#primaryimage"},"thumbnailUrl":"https:\/\/www.home3d.nl\/wp-content\/uploads\/2026\/03\/model-foto-Wit.jpg","datePublished":"2026-03-05T12:06:10+00:00","dateModified":"2026-05-13T08:39:08+00:00","description":"D\u00e9couvrez les poign\u00e9es de porte uniques imprim\u00e9es en 3D de Home 3D. Un design hollandais, un mat\u00e9riau durable et un choix de 10 couleurs. Donnez un coup de jeune \u00e0 votre int\u00e9rieur d\u00e8s maintenant !","breadcrumb":{"@id":"https:\/\/www.home3d.nl\/fr\/produit\/poignee-de-porte-wood-handle-square\/#breadcrumb"},"inLanguage":"fr-FR","potentialAction":[{"@type":"ReadAction","target":["https:\/\/www.home3d.nl\/fr\/produit\/poignee-de-porte-wood-handle-square\/"]}]},{"@type":"ImageObject","inLanguage":"fr-FR","@id":"https:\/\/www.home3d.nl\/fr\/produit\/poignee-de-porte-wood-handle-square\/#primaryimage","url":"https:\/\/www.home3d.nl\/wp-content\/uploads\/2026\/03\/model-foto-Wit.jpg","contentUrl":"https:\/\/www.home3d.nl\/wp-content\/uploads\/2026\/03\/model-foto-Wit.jpg","width":1080,"height":1080},{"@type":"BreadcrumbList","@id":"https:\/\/www.home3d.nl\/fr\/produit\/poignee-de-porte-wood-handle-square\/#breadcrumb","itemListElement":[{"@type":"ListItem","position":1,"name":"Accueil","item":"https:\/\/www.home3d.nl\/fr\/"},{"@type":"ListItem","position":2,"name":"Boutique","item":"https:\/\/www.home3d.nl\/fr\/boutique\/"},{"@type":"ListItem","position":3,"name":"Poign\u00e9e de porte Wood Handle - Square"}]},{"@type":"WebSite","@id":"https:\/\/www.home3d.nl\/fr\/#website","url":"https:\/\/www.home3d.nl\/fr\/","name":"Home3D.nl","description":"","publisher":{"@id":"https:\/\/www.home3d.nl\/fr\/#organization"},"potentialAction":[{"@type":"SearchAction","target":{"@type":"EntryPoint","urlTemplate":"https:\/\/www.home3d.nl\/fr\/?s={search_term_string}"},"query-input":{"@type":"PropertyValueSpecification","valueRequired":true,"valueName":"search_term_string"}}],"inLanguage":"fr-FR"},{"@type":"Organization","@id":"https:\/\/www.home3d.nl\/fr\/#organization","name":"Home3D.nl","url":"https:\/\/www.home3d.nl\/fr\/","logo":{"@type":"ImageObject","inLanguage":"fr-FR","@id":"https:\/\/www.home3d.nl\/fr\/#\/schema\/logo\/image\/","url":"https:\/\/www.home3d.nl\/wp-content\/uploads\/2023\/10\/Nieuw_logo_home_3d-1.png","contentUrl":"https:\/\/www.home3d.nl\/wp-content\/uploads\/2023\/10\/Nieuw_logo_home_3d-1.png","width":8880,"height":4000,"caption":"Home3D.nl"},"image":{"@id":"https:\/\/www.home3d.nl\/fr\/#\/schema\/logo\/image\/"}}]}},"_links":{"self":[{"href":"https:\/\/www.home3d.nl\/fr\/wp-json\/wp\/v2\/product\/8057","targetHints":{"allow":["GET"]}}],"collection":[{"href":"https:\/\/www.home3d.nl\/fr\/wp-json\/wp\/v2\/product"}],"about":[{"href":"https:\/\/www.home3d.nl\/fr\/wp-json\/wp\/v2\/types\/product"}],"replies":[{"embeddable":true,"href":"https:\/\/www.home3d.nl\/fr\/wp-json\/wp\/v2\/comments?post=8057"}],"version-history":[{"count":0,"href":"https:\/\/www.home3d.nl\/fr\/wp-json\/wp\/v2\/product\/8057\/revisions"}],"wp:featuredmedia":[{"embeddable":true,"href":"https:\/\/www.home3d.nl\/fr\/wp-json\/wp\/v2\/media\/8059"}],"wp:attachment":[{"href":"https:\/\/www.home3d.nl\/fr\/wp-json\/wp\/v2\/media?parent=8057"}],"wp:term":[{"taxonomy":"product_brand","embeddable":true,"href":"https:\/\/www.home3d.nl\/fr\/wp-json\/wp\/v2\/product_brand?post=8057"},{"taxonomy":"product_cat","embeddable":true,"href":"https:\/\/www.home3d.nl\/fr\/wp-json\/wp\/v2\/product_cat?post=8057"},{"taxonomy":"product_tag","embeddable":true,"href":"https:\/\/www.home3d.nl\/fr\/wp-json\/wp\/v2\/product_tag?post=8057"}],"curies":[{"name":"wp","href":"https:\/\/api.w.org\/{rel}","templated":true}]}}