{"id":10999,"date":"2026-05-08T13:49:29","date_gmt":"2026-05-08T12:49:29","guid":{"rendered":"https:\/\/www.home3d.nl\/product\/plaques-signaletiques-pour-les-chambres-denfants\/"},"modified":"2026-05-13T19:19:36","modified_gmt":"2026-05-13T18:19:36","slug":"plaques-signaletiques-pour-les-chambres-denfants","status":"publish","type":"product","link":"https:\/\/www.home3d.nl\/fr\/produit\/plaques-signaletiques-pour-les-chambres-denfants\/","title":{"rendered":"Plaques signal\u00e9tiques pour les chambres d&rsquo;enfants"},"content":{"rendered":"<p data-path-to-node=\"7\"><b data-path-to-node=\"7\" data-index-in-node=\"0\">Ajoutez une touche unique \u00e0 la chambre d&rsquo;enfant avec une plaque d&rsquo;identification personnalis\u00e9e.<\/b><\/p>\n<p data-path-to-node=\"8\">Faites de la chambre de votre enfant un endroit vraiment priv\u00e9 gr\u00e2ce \u00e0 une \u00e9l\u00e9gante plaque d&rsquo;identit\u00e9 pour chambre d&rsquo;enfant. Que vous cherchiez un accroche-regard pour la porte ou une d\u00e9coration subtile pour le dessus du lit, nos plaques nominatives donneront instantan\u00e9ment une touche personnelle et moderne \u00e0 votre chambre. <\/p>\n<p data-path-to-node=\"9\"><b data-path-to-node=\"9\" data-index-in-node=\"0\">Pourquoi choisir une plaque Home 3D ?<\/b><\/p>\n<ul data-path-to-node=\"10\">\n<li>\n<p data-path-to-node=\"10,0,0\"><b data-path-to-node=\"10,0,0\" data-index-in-node=\"0\">Enti\u00e8rement personnalis\u00e9 :<\/b> Choisissez le nom de votre enfant et s\u00e9lectionnez votre couleur pr\u00e9f\u00e9r\u00e9e dans notre vaste palette (du noir froid au beige doux).<\/p>\n<\/li>\n<li>\n<p data-path-to-node=\"10,1,0\"><b data-path-to-node=\"10,1,0\" data-index-in-node=\"0\">3D-Geprint durable :<\/b> nous utilisons des techniques d&rsquo;impression 3D innovantes et des mat\u00e9riaux respectueux de l&rsquo;environnement. Ainsi, vous ne choisissez pas seulement le style, mais aussi l&rsquo;avenir. <\/p>\n<\/li>\n<li>\n<p data-path-to-node=\"10,2,0\"><b data-path-to-node=\"10,2,0\" data-index-in-node=\"0\">Texture unique :<\/b> Gr\u00e2ce au processus d&rsquo;impression 3D, chaque plaque signal\u00e9tique pr\u00e9sente une belle finition mate et une texture tactile que vous ne trouverez pas sur le march\u00e9 du bricolage standard.<\/p>\n<\/li>\n<li>\n<p data-path-to-node=\"10,3,0\"><b data-path-to-node=\"10,3,0\" data-index-in-node=\"0\">Facile \u00e0 accrocher :<\/b> Nos plaques signal\u00e9tiques sont l\u00e9g\u00e8res et donc faciles \u00e0 fixer sur les portes ou les murs.<\/p>\n<\/li>\n<\/ul>\n<p data-path-to-node=\"11\">Le cadeau de maternit\u00e9 id\u00e9al Vous cherchez un cadeau original pour une baby shower ou une visite de maternit\u00e9 ? Une plaque nominative personnalis\u00e9e est un souvenir qui durera des ann\u00e9es. Elle s&rsquo;int\u00e8gre parfaitement dans une chambre de b\u00e9b\u00e9 moderne ou une chambre d&rsquo;enfant aventureuse.  <\/p>\n<p data-path-to-node=\"12\">Commandez d\u00e8s aujourd&rsquo;hui votre plaque nominative unique Choisissez la qualit\u00e9 et le design n\u00e9erlandais. Commandez maintenant et recevez rapidement votre plaque nominative sur mesure ! <\/p>\n","protected":false},"excerpt":{"rendered":"<p data-path-to-node=\"7\"><b data-path-to-node=\"7\" data-index-in-node=\"0\">Ajoutez une touche unique \u00e0 la chambre d&rsquo;enfant avec une plaque d&rsquo;identification personnalis\u00e9e.<\/b><\/p>\n<p data-path-to-node=\"8\">Faites de la chambre de votre enfant un endroit vraiment priv\u00e9 gr\u00e2ce \u00e0 une \u00e9l\u00e9gante plaque d&rsquo;identit\u00e9 pour chambre d&rsquo;enfant. Que vous cherchiez un accroche-regard pour la porte ou une d\u00e9coration subtile pour le dessus du lit, nos plaques nominatives donneront instantan\u00e9ment une touche personnelle et moderne \u00e0 votre chambre. <\/p>\n<p data-path-to-node=\"9\"><b data-path-to-node=\"9\" data-index-in-node=\"0\">Pourquoi choisir une plaque Home 3D ?<\/b><\/p>\n<ul data-path-to-node=\"10\">\n<li>\n<p data-path-to-node=\"10,0,0\"><b data-path-to-node=\"10,0,0\" data-index-in-node=\"0\">Enti\u00e8rement personnalis\u00e9 :<\/b> Choisissez le nom de votre enfant et s\u00e9lectionnez votre couleur pr\u00e9f\u00e9r\u00e9e dans notre vaste palette (du noir froid au beige doux).<\/p>\n<\/li>\n<li>\n<p data-path-to-node=\"10,1,0\"><b data-path-to-node=\"10,1,0\" data-index-in-node=\"0\">3D-Geprint durable :<\/b> nous utilisons des techniques d&rsquo;impression 3D innovantes et des mat\u00e9riaux respectueux de l&rsquo;environnement. Ainsi, vous ne choisissez pas seulement le style, mais aussi l&rsquo;avenir. <\/p>\n<\/li>\n<li>\n<p data-path-to-node=\"10,2,0\"><b data-path-to-node=\"10,2,0\" data-index-in-node=\"0\">Texture unique :<\/b> gr\u00e2ce au processus d&rsquo;impression 3D, chaque plaque nominative pr\u00e9sente une belle finition mate et une texture tactile que vous ne trouverez pas sur le march\u00e9 du bricolage standard.<\/p>\n<\/li>\n<li>\n<p data-path-to-node=\"10,3,0\"><b data-path-to-node=\"10,3,0\" data-index-in-node=\"0\">Facile \u00e0 accrocher :<\/b> Nos plaques signal\u00e9tiques sont l\u00e9g\u00e8res et donc faciles \u00e0 fixer sur les portes ou les murs.<\/p>\n<\/li>\n<\/ul>\n<p data-path-to-node=\"11\">Le cadeau de maternit\u00e9 id\u00e9al Vous cherchez un cadeau original pour une baby shower ou une visite de maternit\u00e9 ? Une plaque nominative personnalis\u00e9e est un souvenir durable qui durera des ann\u00e9es. Elle s&rsquo;int\u00e8gre parfaitement dans une chambre de b\u00e9b\u00e9 moderne ou une chambre d&rsquo;enfant aventureuse.  <\/p>\n<p data-path-to-node=\"12\">Commandez d\u00e8s aujourd&rsquo;hui votre plaque nominative unique Choisissez la qualit\u00e9 et le design n\u00e9erlandais. Commandez maintenant et recevez rapidement votre plaque nominative sur mesure ! <\/p>\n","protected":false},"featured_media":11005,"comment_status":"open","ping_status":"closed","template":"","meta":{"_acf_changed":false,"inline_featured_image":false},"product_brand":[],"product_cat":[406],"product_tag":[407],"class_list":{"0":"post-10999","1":"product","2":"type-product","3":"status-publish","4":"has-post-thumbnail","6":"product_cat-plaques-signaletiques","7":"product_tag-plaques-signaletiques","8":"product_shipping_class-paquet-de-boites-aux-lettres","10":"first","11":"instock","12":"taxable","13":"shipping-taxable","14":"purchasable","15":"product-type-variable","16":"has-default-attributes"},"acf":[],"yoast_head":"<!-- This site is optimized with the Yoast SEO plugin v27.6 - https:\/\/yoast.com\/product\/yoast-seo-wordpress\/ -->\n<title>Plaque d&#039;identit\u00e9 pour chambre d&#039;enfant - Autodesign &amp; Durable | Home 3D<\/title>\n<meta name=\"description\" content=\"Plaque nominative personnalis\u00e9e pour la chambre d&#039;enfant. Design 3D durable, disponible en plusieurs couleurs. Commandez votre d\u00e9coration murale unique directement aupr\u00e8s de Home 3D !\" \/>\n<meta name=\"robots\" content=\"index, follow, max-snippet:-1, max-image-preview:large, max-video-preview:-1\" \/>\n<link rel=\"canonical\" href=\"https:\/\/www.home3d.nl\/fr\/produit\/plaques-signaletiques-pour-les-chambres-denfants\/\" \/>\n<meta property=\"og:locale\" content=\"fr_FR\" \/>\n<meta property=\"og:type\" content=\"article\" \/>\n<meta property=\"og:title\" content=\"Plaque d&#039;identit\u00e9 pour chambre d&#039;enfant - Autodesign &amp; Durable | Home 3D\" \/>\n<meta property=\"og:description\" content=\"Plaque nominative personnalis\u00e9e pour la chambre d&#039;enfant. Design 3D durable, disponible en plusieurs couleurs. Commandez votre d\u00e9coration murale unique directement aupr\u00e8s de Home 3D !\" \/>\n<meta property=\"og:url\" content=\"https:\/\/www.home3d.nl\/fr\/produit\/plaques-signaletiques-pour-les-chambres-denfants\/\" \/>\n<meta property=\"og:site_name\" content=\"Home3D.nl\" \/>\n<meta property=\"article:modified_time\" content=\"2026-05-13T18:19:36+00:00\" \/>\n<meta property=\"og:image\" content=\"https:\/\/www.home3d.nl\/wp-content\/uploads\/2026\/05\/10.jpg\" \/>\n\t<meta property=\"og:image:width\" content=\"1080\" \/>\n\t<meta property=\"og:image:height\" content=\"1080\" \/>\n\t<meta property=\"og:image:type\" content=\"image\/jpeg\" \/>\n<meta name=\"twitter:card\" content=\"summary_large_image\" \/>\n<meta name=\"twitter:label1\" content=\"Dur\u00e9e de lecture estim\u00e9e\" \/>\n\t<meta name=\"twitter:data1\" content=\"1 minute\" \/>\n<script type=\"application\/ld+json\" class=\"yoast-schema-graph\">{\"@context\":\"https:\\\/\\\/schema.org\",\"@graph\":[{\"@type\":\"WebPage\",\"@id\":\"https:\\\/\\\/www.home3d.nl\\\/fr\\\/produit\\\/plaques-signaletiques-pour-les-chambres-denfants\\\/\",\"url\":\"https:\\\/\\\/www.home3d.nl\\\/fr\\\/produit\\\/plaques-signaletiques-pour-les-chambres-denfants\\\/\",\"name\":\"Plaque d'identit\u00e9 pour chambre d'enfant - Autodesign & Durable | Home 3D\",\"isPartOf\":{\"@id\":\"https:\\\/\\\/www.home3d.nl\\\/fr\\\/#website\"},\"primaryImageOfPage\":{\"@id\":\"https:\\\/\\\/www.home3d.nl\\\/fr\\\/produit\\\/plaques-signaletiques-pour-les-chambres-denfants\\\/#primaryimage\"},\"image\":{\"@id\":\"https:\\\/\\\/www.home3d.nl\\\/fr\\\/produit\\\/plaques-signaletiques-pour-les-chambres-denfants\\\/#primaryimage\"},\"thumbnailUrl\":\"https:\\\/\\\/www.home3d.nl\\\/wp-content\\\/uploads\\\/2026\\\/05\\\/10.jpg\",\"datePublished\":\"2026-05-08T12:49:29+00:00\",\"dateModified\":\"2026-05-13T18:19:36+00:00\",\"description\":\"Plaque nominative personnalis\u00e9e pour la chambre d'enfant. Design 3D durable, disponible en plusieurs couleurs. Commandez votre d\u00e9coration murale unique directement aupr\u00e8s de Home 3D !\",\"breadcrumb\":{\"@id\":\"https:\\\/\\\/www.home3d.nl\\\/fr\\\/produit\\\/plaques-signaletiques-pour-les-chambres-denfants\\\/#breadcrumb\"},\"inLanguage\":\"fr-FR\",\"potentialAction\":[{\"@type\":\"ReadAction\",\"target\":[\"https:\\\/\\\/www.home3d.nl\\\/fr\\\/produit\\\/plaques-signaletiques-pour-les-chambres-denfants\\\/\"]}]},{\"@type\":\"ImageObject\",\"inLanguage\":\"fr-FR\",\"@id\":\"https:\\\/\\\/www.home3d.nl\\\/fr\\\/produit\\\/plaques-signaletiques-pour-les-chambres-denfants\\\/#primaryimage\",\"url\":\"https:\\\/\\\/www.home3d.nl\\\/wp-content\\\/uploads\\\/2026\\\/05\\\/10.jpg\",\"contentUrl\":\"https:\\\/\\\/www.home3d.nl\\\/wp-content\\\/uploads\\\/2026\\\/05\\\/10.jpg\",\"width\":1080,\"height\":1080,\"caption\":\"Plaque de chambre d'enfant personnalis\u00e9e imprim\u00e9e en 3D stracciatella\"},{\"@type\":\"BreadcrumbList\",\"@id\":\"https:\\\/\\\/www.home3d.nl\\\/fr\\\/produit\\\/plaques-signaletiques-pour-les-chambres-denfants\\\/#breadcrumb\",\"itemListElement\":[{\"@type\":\"ListItem\",\"position\":1,\"name\":\"Accueil\",\"item\":\"https:\\\/\\\/www.home3d.nl\\\/fr\\\/\"},{\"@type\":\"ListItem\",\"position\":2,\"name\":\"Boutique\",\"item\":\"https:\\\/\\\/www.home3d.nl\\\/fr\\\/boutique\\\/\"},{\"@type\":\"ListItem\",\"position\":3,\"name\":\"Plaques signal\u00e9tiques pour les chambres d&#8217;enfants\"}]},{\"@type\":\"WebSite\",\"@id\":\"https:\\\/\\\/www.home3d.nl\\\/fr\\\/#website\",\"url\":\"https:\\\/\\\/www.home3d.nl\\\/fr\\\/\",\"name\":\"Home3D.nl\",\"description\":\"\",\"publisher\":{\"@id\":\"https:\\\/\\\/www.home3d.nl\\\/fr\\\/#organization\"},\"potentialAction\":[{\"@type\":\"SearchAction\",\"target\":{\"@type\":\"EntryPoint\",\"urlTemplate\":\"https:\\\/\\\/www.home3d.nl\\\/fr\\\/?s={search_term_string}\"},\"query-input\":{\"@type\":\"PropertyValueSpecification\",\"valueRequired\":true,\"valueName\":\"search_term_string\"}}],\"inLanguage\":\"fr-FR\"},{\"@type\":\"Organization\",\"@id\":\"https:\\\/\\\/www.home3d.nl\\\/fr\\\/#organization\",\"name\":\"Home3D.nl\",\"url\":\"https:\\\/\\\/www.home3d.nl\\\/fr\\\/\",\"logo\":{\"@type\":\"ImageObject\",\"inLanguage\":\"fr-FR\",\"@id\":\"https:\\\/\\\/www.home3d.nl\\\/fr\\\/#\\\/schema\\\/logo\\\/image\\\/\",\"url\":\"https:\\\/\\\/www.home3d.nl\\\/wp-content\\\/uploads\\\/2023\\\/10\\\/Nieuw_logo_home_3d-1.png\",\"contentUrl\":\"https:\\\/\\\/www.home3d.nl\\\/wp-content\\\/uploads\\\/2023\\\/10\\\/Nieuw_logo_home_3d-1.png\",\"width\":8880,\"height\":4000,\"caption\":\"Home3D.nl\"},\"image\":{\"@id\":\"https:\\\/\\\/www.home3d.nl\\\/fr\\\/#\\\/schema\\\/logo\\\/image\\\/\"}}]}<\/script>\n<!-- \/ Yoast SEO plugin. -->","yoast_head_json":{"title":"Plaque d'identit\u00e9 pour chambre d'enfant - Autodesign & Durable | Home 3D","description":"Plaque nominative personnalis\u00e9e pour la chambre d'enfant. Design 3D durable, disponible en plusieurs couleurs. Commandez votre d\u00e9coration murale unique directement aupr\u00e8s de Home 3D !","robots":{"index":"index","follow":"follow","max-snippet":"max-snippet:-1","max-image-preview":"max-image-preview:large","max-video-preview":"max-video-preview:-1"},"canonical":"https:\/\/www.home3d.nl\/fr\/produit\/plaques-signaletiques-pour-les-chambres-denfants\/","og_locale":"fr_FR","og_type":"article","og_title":"Plaque d'identit\u00e9 pour chambre d'enfant - Autodesign & Durable | Home 3D","og_description":"Plaque nominative personnalis\u00e9e pour la chambre d'enfant. Design 3D durable, disponible en plusieurs couleurs. Commandez votre d\u00e9coration murale unique directement aupr\u00e8s de Home 3D !","og_url":"https:\/\/www.home3d.nl\/fr\/produit\/plaques-signaletiques-pour-les-chambres-denfants\/","og_site_name":"Home3D.nl","article_modified_time":"2026-05-13T18:19:36+00:00","og_image":[{"width":1080,"height":1080,"url":"https:\/\/www.home3d.nl\/wp-content\/uploads\/2026\/05\/10.jpg","type":"image\/jpeg"}],"twitter_card":"summary_large_image","twitter_misc":{"Dur\u00e9e de lecture estim\u00e9e":"1 minute"},"schema":{"@context":"https:\/\/schema.org","@graph":[{"@type":"WebPage","@id":"https:\/\/www.home3d.nl\/fr\/produit\/plaques-signaletiques-pour-les-chambres-denfants\/","url":"https:\/\/www.home3d.nl\/fr\/produit\/plaques-signaletiques-pour-les-chambres-denfants\/","name":"Plaque d'identit\u00e9 pour chambre d'enfant - Autodesign & Durable | Home 3D","isPartOf":{"@id":"https:\/\/www.home3d.nl\/fr\/#website"},"primaryImageOfPage":{"@id":"https:\/\/www.home3d.nl\/fr\/produit\/plaques-signaletiques-pour-les-chambres-denfants\/#primaryimage"},"image":{"@id":"https:\/\/www.home3d.nl\/fr\/produit\/plaques-signaletiques-pour-les-chambres-denfants\/#primaryimage"},"thumbnailUrl":"https:\/\/www.home3d.nl\/wp-content\/uploads\/2026\/05\/10.jpg","datePublished":"2026-05-08T12:49:29+00:00","dateModified":"2026-05-13T18:19:36+00:00","description":"Plaque nominative personnalis\u00e9e pour la chambre d'enfant. Design 3D durable, disponible en plusieurs couleurs. Commandez votre d\u00e9coration murale unique directement aupr\u00e8s de Home 3D !","breadcrumb":{"@id":"https:\/\/www.home3d.nl\/fr\/produit\/plaques-signaletiques-pour-les-chambres-denfants\/#breadcrumb"},"inLanguage":"fr-FR","potentialAction":[{"@type":"ReadAction","target":["https:\/\/www.home3d.nl\/fr\/produit\/plaques-signaletiques-pour-les-chambres-denfants\/"]}]},{"@type":"ImageObject","inLanguage":"fr-FR","@id":"https:\/\/www.home3d.nl\/fr\/produit\/plaques-signaletiques-pour-les-chambres-denfants\/#primaryimage","url":"https:\/\/www.home3d.nl\/wp-content\/uploads\/2026\/05\/10.jpg","contentUrl":"https:\/\/www.home3d.nl\/wp-content\/uploads\/2026\/05\/10.jpg","width":1080,"height":1080,"caption":"Plaque de chambre d'enfant personnalis\u00e9e imprim\u00e9e en 3D stracciatella"},{"@type":"BreadcrumbList","@id":"https:\/\/www.home3d.nl\/fr\/produit\/plaques-signaletiques-pour-les-chambres-denfants\/#breadcrumb","itemListElement":[{"@type":"ListItem","position":1,"name":"Accueil","item":"https:\/\/www.home3d.nl\/fr\/"},{"@type":"ListItem","position":2,"name":"Boutique","item":"https:\/\/www.home3d.nl\/fr\/boutique\/"},{"@type":"ListItem","position":3,"name":"Plaques signal\u00e9tiques pour les chambres d&#8217;enfants"}]},{"@type":"WebSite","@id":"https:\/\/www.home3d.nl\/fr\/#website","url":"https:\/\/www.home3d.nl\/fr\/","name":"Home3D.nl","description":"","publisher":{"@id":"https:\/\/www.home3d.nl\/fr\/#organization"},"potentialAction":[{"@type":"SearchAction","target":{"@type":"EntryPoint","urlTemplate":"https:\/\/www.home3d.nl\/fr\/?s={search_term_string}"},"query-input":{"@type":"PropertyValueSpecification","valueRequired":true,"valueName":"search_term_string"}}],"inLanguage":"fr-FR"},{"@type":"Organization","@id":"https:\/\/www.home3d.nl\/fr\/#organization","name":"Home3D.nl","url":"https:\/\/www.home3d.nl\/fr\/","logo":{"@type":"ImageObject","inLanguage":"fr-FR","@id":"https:\/\/www.home3d.nl\/fr\/#\/schema\/logo\/image\/","url":"https:\/\/www.home3d.nl\/wp-content\/uploads\/2023\/10\/Nieuw_logo_home_3d-1.png","contentUrl":"https:\/\/www.home3d.nl\/wp-content\/uploads\/2023\/10\/Nieuw_logo_home_3d-1.png","width":8880,"height":4000,"caption":"Home3D.nl"},"image":{"@id":"https:\/\/www.home3d.nl\/fr\/#\/schema\/logo\/image\/"}}]}},"_links":{"self":[{"href":"https:\/\/www.home3d.nl\/fr\/wp-json\/wp\/v2\/product\/10999","targetHints":{"allow":["GET"]}}],"collection":[{"href":"https:\/\/www.home3d.nl\/fr\/wp-json\/wp\/v2\/product"}],"about":[{"href":"https:\/\/www.home3d.nl\/fr\/wp-json\/wp\/v2\/types\/product"}],"replies":[{"embeddable":true,"href":"https:\/\/www.home3d.nl\/fr\/wp-json\/wp\/v2\/comments?post=10999"}],"version-history":[{"count":0,"href":"https:\/\/www.home3d.nl\/fr\/wp-json\/wp\/v2\/product\/10999\/revisions"}],"wp:featuredmedia":[{"embeddable":true,"href":"https:\/\/www.home3d.nl\/fr\/wp-json\/wp\/v2\/media\/11005"}],"wp:attachment":[{"href":"https:\/\/www.home3d.nl\/fr\/wp-json\/wp\/v2\/media?parent=10999"}],"wp:term":[{"taxonomy":"product_brand","embeddable":true,"href":"https:\/\/www.home3d.nl\/fr\/wp-json\/wp\/v2\/product_brand?post=10999"},{"taxonomy":"product_cat","embeddable":true,"href":"https:\/\/www.home3d.nl\/fr\/wp-json\/wp\/v2\/product_cat?post=10999"},{"taxonomy":"product_tag","embeddable":true,"href":"https:\/\/www.home3d.nl\/fr\/wp-json\/wp\/v2\/product_tag?post=10999"}],"curies":[{"name":"wp","href":"https:\/\/api.w.org\/{rel}","templated":true}]}}