{"id":10241,"date":"2026-05-04T16:01:34","date_gmt":"2026-05-04T15:01:34","guid":{"rendered":"https:\/\/www.home3d.nl\/product\/home-lampe-de-table-3d\/"},"modified":"2026-05-04T16:41:25","modified_gmt":"2026-05-04T15:41:25","slug":"home-lampe-de-table-3d","status":"publish","type":"product","link":"https:\/\/www.home3d.nl\/fr\/produit\/home-lampe-de-table-3d\/","title":{"rendered":"Home Lampe de table 3D"},"content":{"rendered":"<p data-path-to-node=\"7\"><b data-path-to-node=\"7\" data-index-in-node=\"0\">Apportez une atmosph\u00e8re et un design moderne \u00e0 votre int\u00e9rieur avec la lampe de table unique Home 3D.<\/b><\/p>\n<p data-path-to-node=\"7\">Vous \u00eates \u00e0 la recherche d&rsquo;une lampe qui attire l&rsquo;attention et qui allie savoir-faire et technologie innovante ? La lampe de table Home 3D est un merveilleux exemple de design n\u00e9erlandais moderne. Avec sa hauteur de 30 cm, cette lampe est le compl\u00e9ment id\u00e9al de tout int\u00e9rieur, que vous l&rsquo;utilisiez comme lampe de nuit atmosph\u00e9rique, comme lampe de chevet caract\u00e9ristique ou comme objet design sur un buffet.<\/p>\n<p data-path-to-node=\"8\"><b data-path-to-node=\"8\" data-index-in-node=\"0\">Design unique imprim\u00e9 en 3D<\/b> La particularit\u00e9 de cette lampe de table r\u00e9side dans sa structure unique en couches, cr\u00e9\u00e9e gr\u00e2ce \u00e0 une technologie d&rsquo;impression en 3D de haute qualit\u00e9. L&rsquo;abat-jour pr\u00e9sente une texture noire mate sophistiqu\u00e9e qui contraste magnifiquement avec les trois pieds en bois \u00e9lanc\u00e9s. Ce jeu de mat\u00e9riaux conf\u00e8re \u00e0 la lampe un aspect chaleureux et scandinave, avec un c\u00f4t\u00e9 industriel et robuste.<\/p>\n<p data-path-to-node=\"9\"><b data-path-to-node=\"9\" data-index-in-node=\"0\">Magnifique jeu de lumi\u00e8re<\/b> Gr\u00e2ce \u00e0 la construction intelligente de l&rsquo;abat-jour, la lampe diffuse une lumi\u00e8re douce et diffuse vers le haut et vers le bas. Cela cr\u00e9e une lueur chaude sur le mur et la surface, cr\u00e9ant instantan\u00e9ment une atmosph\u00e8re chaleureuse dans la pi\u00e8ce. Parfaite pour le coin sombre du salon ou comme \u00e9clairage apaisant \u00e0 c\u00f4t\u00e9 de votre lit.<\/p>\n<p data-path-to-node=\"9\"><b data-path-to-node=\"12\" data-index-in-node=\"0\">Durable et local<\/b> En choisissant la lampe de table Home 3D, vous optez pour un produit fabriqu\u00e9 avec soin. La technique d&rsquo;impression 3D minimise les d\u00e9chets, ce qui en fait un choix durable pour votre int\u00e9rieur.<\/p>\n<p data-path-to-node=\"9\">La lampe de table est disponible en 10 couleurs diff\u00e9rentes.<\/p>\n","protected":false},"excerpt":{"rendered":"<p data-path-to-node=\"7\"><b data-path-to-node=\"7\" data-index-in-node=\"0\">Apportez une atmosph\u00e8re et un design moderne \u00e0 votre int\u00e9rieur avec la lampe de table unique Home 3D.<\/b><\/p>\n<p data-path-to-node=\"7\">Vous \u00eates \u00e0 la recherche d&rsquo;une lampe qui attire l&rsquo;attention et qui allie savoir-faire et technologie innovante ? La lampe de table Home 3D est un merveilleux exemple de design n\u00e9erlandais moderne. Avec sa hauteur de 30 cm, cette lampe est le compl\u00e9ment id\u00e9al de tout int\u00e9rieur, que vous l&rsquo;utilisiez comme lampe de nuit atmosph\u00e9rique, comme lampe de chevet caract\u00e9ristique ou comme objet design sur un buffet.<\/p>\n<p data-path-to-node=\"8\"><b data-path-to-node=\"8\" data-index-in-node=\"0\">Design unique imprim\u00e9 en 3D<\/b> La particularit\u00e9 de cette lampe de table r\u00e9side dans sa structure unique en couches, cr\u00e9\u00e9e gr\u00e2ce \u00e0 une technologie d&rsquo;impression en 3D de haute qualit\u00e9. L&rsquo;abat-jour pr\u00e9sente une texture noire mate sophistiqu\u00e9e qui contraste magnifiquement avec les trois pieds en bois \u00e9lanc\u00e9s. Ce jeu de mat\u00e9riaux conf\u00e8re \u00e0 la lampe un aspect chaleureux et scandinave, avec un c\u00f4t\u00e9 industriel et robuste.<\/p>\n<p data-path-to-node=\"9\"><b data-path-to-node=\"9\" data-index-in-node=\"0\">Magnifique jeu de lumi\u00e8re<\/b> Gr\u00e2ce \u00e0 la construction intelligente de l&rsquo;abat-jour, la lampe diffuse une lumi\u00e8re douce et diffuse vers le haut et vers le bas. Cela cr\u00e9e une lueur chaude sur le mur et la surface, cr\u00e9ant instantan\u00e9ment une atmosph\u00e8re chaleureuse dans la pi\u00e8ce. Parfait pour le coin sombre du salon ou comme \u00e9clairage apaisant \u00e0 c\u00f4t\u00e9 de votre lit.<\/p>\n<p data-path-to-node=\"9\"><b data-path-to-node=\"12\" data-index-in-node=\"0\">Durable et local<\/b> En choisissant la lampe de table Home 3D, vous optez pour un produit fabriqu\u00e9 avec soin. La technique d&rsquo;impression 3D minimise les d\u00e9chets, ce qui en fait un choix durable pour votre int\u00e9rieur.<\/p>\n<p data-path-to-node=\"9\">La lampe de table est disponible en 10 couleurs diff\u00e9rentes.<\/p>\n","protected":false},"featured_media":10200,"comment_status":"open","ping_status":"closed","template":"","meta":{"_acf_changed":false,"inline_featured_image":false},"product_brand":[],"product_cat":[174],"product_tag":[],"class_list":{"0":"post-10241","1":"product","2":"type-product","3":"status-publish","4":"has-post-thumbnail","6":"product_cat-lampes","7":"product_shipping_class-paquet","9":"first","10":"instock","11":"taxable","12":"shipping-taxable","13":"purchasable","14":"product-type-variable"},"acf":[],"yoast_head":"<!-- This site is optimized with the Yoast SEO plugin v27.4 - https:\/\/yoast.com\/product\/yoast-seo-wordpress\/ -->\n<title>Lampe \u00e0 poser Design | 10 Couleurs | Unique design | Home3D<\/title>\n<meta name=\"description\" content=\"D\u00e9couvrez notre lampe \u00e0 poser design. Unique, durable et disponible en 10 couleurs. Le m\u00e9lange parfait entre bois et impression 3D. Commandez chez Home3D !\" \/>\n<meta name=\"robots\" content=\"index, follow, max-snippet:-1, max-image-preview:large, max-video-preview:-1\" \/>\n<link rel=\"canonical\" href=\"https:\/\/www.home3d.nl\/fr\/produit\/home-lampe-de-table-3d\/\" \/>\n<meta property=\"og:locale\" content=\"fr_FR\" \/>\n<meta property=\"og:type\" content=\"article\" \/>\n<meta property=\"og:title\" content=\"Lampe \u00e0 poser Design | 10 Couleurs | Unique design | Home3D\" \/>\n<meta property=\"og:description\" content=\"D\u00e9couvrez notre lampe \u00e0 poser design. Unique, durable et disponible en 10 couleurs. Le m\u00e9lange parfait entre bois et impression 3D. Commandez chez Home3D !\" \/>\n<meta property=\"og:url\" content=\"https:\/\/www.home3d.nl\/fr\/produit\/home-lampe-de-table-3d\/\" \/>\n<meta property=\"og:site_name\" content=\"Home3D.nl\" \/>\n<meta property=\"article:modified_time\" content=\"2026-05-04T15:41:25+00:00\" \/>\n<meta property=\"og:image\" content=\"https:\/\/www.home3d.nl\/wp-content\/uploads\/2026\/05\/Lamp-Wit-Sfeer-2.jpg\" \/>\n\t<meta property=\"og:image:width\" content=\"900\" \/>\n\t<meta property=\"og:image:height\" content=\"1080\" \/>\n\t<meta property=\"og:image:type\" content=\"image\/jpeg\" \/>\n<meta name=\"twitter:card\" content=\"summary_large_image\" \/>\n<meta name=\"twitter:label1\" content=\"Dur\u00e9e de lecture estim\u00e9e\" \/>\n\t<meta name=\"twitter:data1\" content=\"2 minutes\" \/>\n<script type=\"application\/ld+json\" class=\"yoast-schema-graph\">{\"@context\":\"https:\\\/\\\/schema.org\",\"@graph\":[{\"@type\":\"WebPage\",\"@id\":\"https:\\\/\\\/www.home3d.nl\\\/fr\\\/produit\\\/home-lampe-de-table-3d\\\/\",\"url\":\"https:\\\/\\\/www.home3d.nl\\\/fr\\\/produit\\\/home-lampe-de-table-3d\\\/\",\"name\":\"Lampe \u00e0 poser Design | 10 Couleurs | Unique design | Home3D\",\"isPartOf\":{\"@id\":\"https:\\\/\\\/www.home3d.nl\\\/fr\\\/#website\"},\"primaryImageOfPage\":{\"@id\":\"https:\\\/\\\/www.home3d.nl\\\/fr\\\/produit\\\/home-lampe-de-table-3d\\\/#primaryimage\"},\"image\":{\"@id\":\"https:\\\/\\\/www.home3d.nl\\\/fr\\\/produit\\\/home-lampe-de-table-3d\\\/#primaryimage\"},\"thumbnailUrl\":\"https:\\\/\\\/www.home3d.nl\\\/wp-content\\\/uploads\\\/2026\\\/05\\\/Lamp-Wit-Sfeer-2.jpg\",\"datePublished\":\"2026-05-04T15:01:34+00:00\",\"dateModified\":\"2026-05-04T15:41:25+00:00\",\"description\":\"D\u00e9couvrez notre lampe \u00e0 poser design. Unique, durable et disponible en 10 couleurs. Le m\u00e9lange parfait entre bois et impression 3D. Commandez chez Home3D !\",\"breadcrumb\":{\"@id\":\"https:\\\/\\\/www.home3d.nl\\\/fr\\\/produit\\\/home-lampe-de-table-3d\\\/#breadcrumb\"},\"inLanguage\":\"fr-FR\",\"potentialAction\":[{\"@type\":\"ReadAction\",\"target\":[\"https:\\\/\\\/www.home3d.nl\\\/fr\\\/produit\\\/home-lampe-de-table-3d\\\/\"]}]},{\"@type\":\"ImageObject\",\"inLanguage\":\"fr-FR\",\"@id\":\"https:\\\/\\\/www.home3d.nl\\\/fr\\\/produit\\\/home-lampe-de-table-3d\\\/#primaryimage\",\"url\":\"https:\\\/\\\/www.home3d.nl\\\/wp-content\\\/uploads\\\/2026\\\/05\\\/Lamp-Wit-Sfeer-2.jpg\",\"contentUrl\":\"https:\\\/\\\/www.home3d.nl\\\/wp-content\\\/uploads\\\/2026\\\/05\\\/Lamp-Wit-Sfeer-2.jpg\",\"width\":900,\"height\":1080},{\"@type\":\"BreadcrumbList\",\"@id\":\"https:\\\/\\\/www.home3d.nl\\\/fr\\\/produit\\\/home-lampe-de-table-3d\\\/#breadcrumb\",\"itemListElement\":[{\"@type\":\"ListItem\",\"position\":1,\"name\":\"Accueil\",\"item\":\"https:\\\/\\\/www.home3d.nl\\\/fr\\\/\"},{\"@type\":\"ListItem\",\"position\":2,\"name\":\"Boutique\",\"item\":\"https:\\\/\\\/www.home3d.nl\\\/fr\\\/boutique\\\/\"},{\"@type\":\"ListItem\",\"position\":3,\"name\":\"Home Lampe de table 3D\"}]},{\"@type\":\"WebSite\",\"@id\":\"https:\\\/\\\/www.home3d.nl\\\/fr\\\/#website\",\"url\":\"https:\\\/\\\/www.home3d.nl\\\/fr\\\/\",\"name\":\"Home3D.nl\",\"description\":\"\",\"publisher\":{\"@id\":\"https:\\\/\\\/www.home3d.nl\\\/fr\\\/#organization\"},\"potentialAction\":[{\"@type\":\"SearchAction\",\"target\":{\"@type\":\"EntryPoint\",\"urlTemplate\":\"https:\\\/\\\/www.home3d.nl\\\/fr\\\/?s={search_term_string}\"},\"query-input\":{\"@type\":\"PropertyValueSpecification\",\"valueRequired\":true,\"valueName\":\"search_term_string\"}}],\"inLanguage\":\"fr-FR\"},{\"@type\":\"Organization\",\"@id\":\"https:\\\/\\\/www.home3d.nl\\\/fr\\\/#organization\",\"name\":\"Home3D.nl\",\"url\":\"https:\\\/\\\/www.home3d.nl\\\/fr\\\/\",\"logo\":{\"@type\":\"ImageObject\",\"inLanguage\":\"fr-FR\",\"@id\":\"https:\\\/\\\/www.home3d.nl\\\/fr\\\/#\\\/schema\\\/logo\\\/image\\\/\",\"url\":\"https:\\\/\\\/www.home3d.nl\\\/wp-content\\\/uploads\\\/2023\\\/10\\\/Nieuw_logo_home_3d-1.png\",\"contentUrl\":\"https:\\\/\\\/www.home3d.nl\\\/wp-content\\\/uploads\\\/2023\\\/10\\\/Nieuw_logo_home_3d-1.png\",\"width\":8880,\"height\":4000,\"caption\":\"Home3D.nl\"},\"image\":{\"@id\":\"https:\\\/\\\/www.home3d.nl\\\/fr\\\/#\\\/schema\\\/logo\\\/image\\\/\"}}]}<\/script>\n<!-- \/ Yoast SEO plugin. -->","yoast_head_json":{"title":"Lampe \u00e0 poser Design | 10 Couleurs | Unique design | Home3D","description":"D\u00e9couvrez notre lampe \u00e0 poser design. Unique, durable et disponible en 10 couleurs. Le m\u00e9lange parfait entre bois et impression 3D. Commandez chez Home3D !","robots":{"index":"index","follow":"follow","max-snippet":"max-snippet:-1","max-image-preview":"max-image-preview:large","max-video-preview":"max-video-preview:-1"},"canonical":"https:\/\/www.home3d.nl\/fr\/produit\/home-lampe-de-table-3d\/","og_locale":"fr_FR","og_type":"article","og_title":"Lampe \u00e0 poser Design | 10 Couleurs | Unique design | Home3D","og_description":"D\u00e9couvrez notre lampe \u00e0 poser design. Unique, durable et disponible en 10 couleurs. Le m\u00e9lange parfait entre bois et impression 3D. Commandez chez Home3D !","og_url":"https:\/\/www.home3d.nl\/fr\/produit\/home-lampe-de-table-3d\/","og_site_name":"Home3D.nl","article_modified_time":"2026-05-04T15:41:25+00:00","og_image":[{"width":900,"height":1080,"url":"https:\/\/www.home3d.nl\/wp-content\/uploads\/2026\/05\/Lamp-Wit-Sfeer-2.jpg","type":"image\/jpeg"}],"twitter_card":"summary_large_image","twitter_misc":{"Dur\u00e9e de lecture estim\u00e9e":"2 minutes"},"schema":{"@context":"https:\/\/schema.org","@graph":[{"@type":"WebPage","@id":"https:\/\/www.home3d.nl\/fr\/produit\/home-lampe-de-table-3d\/","url":"https:\/\/www.home3d.nl\/fr\/produit\/home-lampe-de-table-3d\/","name":"Lampe \u00e0 poser Design | 10 Couleurs | Unique design | Home3D","isPartOf":{"@id":"https:\/\/www.home3d.nl\/fr\/#website"},"primaryImageOfPage":{"@id":"https:\/\/www.home3d.nl\/fr\/produit\/home-lampe-de-table-3d\/#primaryimage"},"image":{"@id":"https:\/\/www.home3d.nl\/fr\/produit\/home-lampe-de-table-3d\/#primaryimage"},"thumbnailUrl":"https:\/\/www.home3d.nl\/wp-content\/uploads\/2026\/05\/Lamp-Wit-Sfeer-2.jpg","datePublished":"2026-05-04T15:01:34+00:00","dateModified":"2026-05-04T15:41:25+00:00","description":"D\u00e9couvrez notre lampe \u00e0 poser design. Unique, durable et disponible en 10 couleurs. Le m\u00e9lange parfait entre bois et impression 3D. Commandez chez Home3D !","breadcrumb":{"@id":"https:\/\/www.home3d.nl\/fr\/produit\/home-lampe-de-table-3d\/#breadcrumb"},"inLanguage":"fr-FR","potentialAction":[{"@type":"ReadAction","target":["https:\/\/www.home3d.nl\/fr\/produit\/home-lampe-de-table-3d\/"]}]},{"@type":"ImageObject","inLanguage":"fr-FR","@id":"https:\/\/www.home3d.nl\/fr\/produit\/home-lampe-de-table-3d\/#primaryimage","url":"https:\/\/www.home3d.nl\/wp-content\/uploads\/2026\/05\/Lamp-Wit-Sfeer-2.jpg","contentUrl":"https:\/\/www.home3d.nl\/wp-content\/uploads\/2026\/05\/Lamp-Wit-Sfeer-2.jpg","width":900,"height":1080},{"@type":"BreadcrumbList","@id":"https:\/\/www.home3d.nl\/fr\/produit\/home-lampe-de-table-3d\/#breadcrumb","itemListElement":[{"@type":"ListItem","position":1,"name":"Accueil","item":"https:\/\/www.home3d.nl\/fr\/"},{"@type":"ListItem","position":2,"name":"Boutique","item":"https:\/\/www.home3d.nl\/fr\/boutique\/"},{"@type":"ListItem","position":3,"name":"Home Lampe de table 3D"}]},{"@type":"WebSite","@id":"https:\/\/www.home3d.nl\/fr\/#website","url":"https:\/\/www.home3d.nl\/fr\/","name":"Home3D.nl","description":"","publisher":{"@id":"https:\/\/www.home3d.nl\/fr\/#organization"},"potentialAction":[{"@type":"SearchAction","target":{"@type":"EntryPoint","urlTemplate":"https:\/\/www.home3d.nl\/fr\/?s={search_term_string}"},"query-input":{"@type":"PropertyValueSpecification","valueRequired":true,"valueName":"search_term_string"}}],"inLanguage":"fr-FR"},{"@type":"Organization","@id":"https:\/\/www.home3d.nl\/fr\/#organization","name":"Home3D.nl","url":"https:\/\/www.home3d.nl\/fr\/","logo":{"@type":"ImageObject","inLanguage":"fr-FR","@id":"https:\/\/www.home3d.nl\/fr\/#\/schema\/logo\/image\/","url":"https:\/\/www.home3d.nl\/wp-content\/uploads\/2023\/10\/Nieuw_logo_home_3d-1.png","contentUrl":"https:\/\/www.home3d.nl\/wp-content\/uploads\/2023\/10\/Nieuw_logo_home_3d-1.png","width":8880,"height":4000,"caption":"Home3D.nl"},"image":{"@id":"https:\/\/www.home3d.nl\/fr\/#\/schema\/logo\/image\/"}}]}},"_links":{"self":[{"href":"https:\/\/www.home3d.nl\/fr\/wp-json\/wp\/v2\/product\/10241","targetHints":{"allow":["GET"]}}],"collection":[{"href":"https:\/\/www.home3d.nl\/fr\/wp-json\/wp\/v2\/product"}],"about":[{"href":"https:\/\/www.home3d.nl\/fr\/wp-json\/wp\/v2\/types\/product"}],"replies":[{"embeddable":true,"href":"https:\/\/www.home3d.nl\/fr\/wp-json\/wp\/v2\/comments?post=10241"}],"version-history":[{"count":0,"href":"https:\/\/www.home3d.nl\/fr\/wp-json\/wp\/v2\/product\/10241\/revisions"}],"wp:featuredmedia":[{"embeddable":true,"href":"https:\/\/www.home3d.nl\/fr\/wp-json\/wp\/v2\/media\/10200"}],"wp:attachment":[{"href":"https:\/\/www.home3d.nl\/fr\/wp-json\/wp\/v2\/media?parent=10241"}],"wp:term":[{"taxonomy":"product_brand","embeddable":true,"href":"https:\/\/www.home3d.nl\/fr\/wp-json\/wp\/v2\/product_brand?post=10241"},{"taxonomy":"product_cat","embeddable":true,"href":"https:\/\/www.home3d.nl\/fr\/wp-json\/wp\/v2\/product_cat?post=10241"},{"taxonomy":"product_tag","embeddable":true,"href":"https:\/\/www.home3d.nl\/fr\/wp-json\/wp\/v2\/product_tag?post=10241"}],"curies":[{"name":"wp","href":"https:\/\/api.w.org\/{rel}","templated":true}]}}