{"id":8222,"date":"2026-03-10T11:07:34","date_gmt":"2026-03-10T10:07:34","guid":{"rendered":"https:\/\/www.home3d.nl\/product\/home-3d-tuergriff-laengsschild-quadratisch\/"},"modified":"2026-05-13T09:34:27","modified_gmt":"2026-05-13T08:34:27","slug":"home-3d-tuergriff-laengsschild-quadratisch","status":"publish","type":"product","link":"https:\/\/www.home3d.nl\/de\/produkt\/home-3d-tuergriff-laengsschild-quadratisch\/","title":{"rendered":"Home 3D T\u00fcrgriff L\u00e4ngsschild - Quadratisch"},"content":{"rendered":"<p><strong>Verleihen Sie Ihren T\u00fcren ein modernes Aussehen mit dem quadratischen T\u00fcrgriff auf Langschild<\/strong><\/p>\n<p data-path-to-node=\"5\">Suchen Sie nach einem eleganten und modernen Finish f\u00fcr Ihre Innent\u00fcren? Unsere Langschild-T\u00fcrgriffe bieten die perfekte Balance zwischen industriellem Design und innovativer Handwerkskunst. W\u00e4hrend die klassische runde Version oft eine subtile Pr\u00e4senz hat, setzt dieses quadratische Design in jedem Raum ein kraftvolles und robustes Zeichen. Ob Sie nun ein minimalistisches Neubauhaus oder ein robustes Industrieloft haben, dieser T\u00fcrbeschlag ist die ideale Erg\u00e4nzung.<\/p>\n<p data-path-to-node=\"6\">Jedes Set wird in den Niederlanden von Home 3D sorgf\u00e4ltig entworfen, 3D-gedruckt und zusammengesetzt. Das Ergebnis ist eine einzigartige, subtile Textur, die nicht nur luxuri\u00f6s aussieht, sondern auch einen sehr angenehmen Griff bietet. Der Einsatz fortschrittlicher 3D-Drucktechniken erm\u00f6glicht es uns, originelle T\u00fcrgriffe zu entwerfen und Ihnen ein Produkt ins Haus zu bringen, das Sie sonst nirgendwo finden.<\/p>\n<p data-path-to-node=\"6\"><b data-path-to-node=\"7\" data-index-in-node=\"0\">Schlankes Design und langlebige Handwerkskunst<\/b><\/p>\n<p data-path-to-node=\"7\">Unsere quadratischen Longboards sind so konzipiert, dass sie jahrelangem Gebrauch standhalten. Wir glauben an die lokale Produktion und verwenden nur starke, langlebige Materialien. So entscheiden Sie sich f\u00fcr ein umweltbewusstes Produkt, ohne Kompromisse bei Stil oder Qualit\u00e4t einzugehen. Die kantigen Formen des Langschilds und des Riegels passen perfekt zu den aktuellen Einrichtungstrends, die sich auf schwarze Akzente und klare Linien konzentrieren.<\/p>\n<p data-path-to-node=\"7\"><b data-path-to-node=\"8\" data-index-in-node=\"0\">Einfache Montage und 10 stilvolle Farben<\/b><\/p>\n<p data-path-to-node=\"8\">Der Einbau dieses T\u00fcrbeschlags ist \u00fcberraschend einfach und passt an praktisch jede Standard-Innent\u00fcr in den Niederlanden. Innerhalb weniger Minuten k\u00f6nnen Sie Ihrem ganzen Haus einen v\u00f6llig neuen Look verleihen. Da Geschmack pers\u00f6nlich ist, bieten wir diese quadratische Version in nicht weniger als 10 verschiedenen Farben an. Von zeitlosem Schwarz \u00fcber modernes Anthrazit bis hin zu einzigartigen Trendfarben; es gibt immer eine passende Farbe f\u00fcr Ihre T\u00fcren. Au\u00dferdem ist jeder T\u00fcrgriff farbecht, strapazierf\u00e4hig und sehr pflegeleicht. Entscheiden Sie sich f\u00fcr Home 3D Innovation und erleben Sie Qualit\u00e4t in jedem Detail.<\/p>\n<p data-path-to-node=\"6\">\n","protected":false},"excerpt":{"rendered":"<p><strong>Verleihen Sie Ihren T\u00fcren ein modernes Aussehen mit dem quadratischen T\u00fcrgriff auf Langschild<\/strong><\/p>\n<p data-path-to-node=\"5\">Suchen Sie nach einem eleganten und modernen Finish f\u00fcr Ihre Innent\u00fcren? Unsere Langschild-T\u00fcrgriffe bieten die perfekte Balance zwischen industriellem Design und innovativer Handwerkskunst. W\u00e4hrend die klassische runde Version oft eine subtile Pr\u00e4senz hat, setzt dieses quadratische Design in jedem Raum ein kraftvolles und robustes Zeichen. Ob Sie nun ein minimalistisches Neubauhaus oder ein robustes Industrieloft haben, dieser T\u00fcrbeschlag ist die ideale Erg\u00e4nzung.<\/p>\n<p data-path-to-node=\"6\">Jedes Set wird in den Niederlanden von Home 3D sorgf\u00e4ltig entworfen, 3D-gedruckt und zusammengesetzt. Das Ergebnis ist eine einzigartige, subtile Textur, die nicht nur luxuri\u00f6s aussieht, sondern auch einen sehr angenehmen Griff bietet. Der Einsatz fortschrittlicher 3D-Drucktechniken erm\u00f6glicht es uns, originelle T\u00fcrgriffe zu entwerfen und Ihnen ein Produkt ins Haus zu bringen, das Sie sonst nirgendwo finden.<\/p>\n<p data-path-to-node=\"6\"><b data-path-to-node=\"7\" data-index-in-node=\"0\">Schlankes Design und langlebige Handwerkskunst<\/b><\/p>\n<p data-path-to-node=\"7\">Unsere quadratischen Longboards sind so konzipiert, dass sie jahrelangem Gebrauch standhalten. Wir glauben an die lokale Produktion und verwenden nur starke, langlebige Materialien. So entscheiden Sie sich f\u00fcr ein umweltbewusstes Produkt, ohne Kompromisse bei Stil oder Qualit\u00e4t einzugehen. Die kantigen Formen des Langschilds und des Riegels passen perfekt zu den aktuellen Einrichtungstrends, die sich auf schwarze Akzente und klare Linien konzentrieren.<\/p>\n<p data-path-to-node=\"7\"><b data-path-to-node=\"8\" data-index-in-node=\"0\">Einfache Montage und 10 stilvolle Farben<\/b><\/p>\n<p data-path-to-node=\"8\">Der Einbau dieses T\u00fcrbeschlags ist \u00fcberraschend einfach und passt an praktisch jede Standard-Innent\u00fcr in den Niederlanden. Innerhalb weniger Minuten k\u00f6nnen Sie Ihrem ganzen Haus einen v\u00f6llig neuen Look verleihen. Da Geschmack pers\u00f6nlich ist, bieten wir diese quadratische Version in nicht weniger als 10 verschiedenen Farben an. Von zeitlosem Schwarz \u00fcber modernes Anthrazit bis hin zu einzigartigen Trendfarben; es gibt immer eine passende Farbe f\u00fcr Ihre T\u00fcren. Au\u00dferdem ist jeder T\u00fcrgriff farbecht, strapazierf\u00e4hig und sehr pflegeleicht. Entscheiden Sie sich f\u00fcr Home 3D Innovation und erleben Sie Qualit\u00e4t in jedem Detail.<\/p>\n","protected":false},"featured_media":9603,"comment_status":"open","ping_status":"closed","template":"","meta":{"_acf_changed":false,"inline_featured_image":false},"product_brand":[],"product_cat":[107],"product_tag":[],"class_list":{"0":"post-8222","1":"product","2":"type-product","3":"status-publish","4":"has-post-thumbnail","6":"product_cat-turgriffe","7":"product_shipping_class-paket","9":"first","10":"instock","11":"taxable","12":"shipping-taxable","13":"purchasable","14":"product-type-variable"},"acf":[],"yoast_head":"<!-- This site is optimized with the Yoast SEO plugin v27.6 - https:\/\/yoast.com\/product\/yoast-seo-wordpress\/ -->\n<title>Moderne lange T\u00fcrgriffe &amp; T\u00fcrst\u00fctzen | 10 Farben | Home 3D<\/title>\n<meta name=\"description\" content=\"Suchen Sie nach einzigartigen T\u00fcrgriffen? Entdecken Sie unseren 3D-gedruckten T\u00fcrgriff in 8 stilvollen Farben. Holl\u00e4ndisches Design, langlebig und einfach zu montieren. Jetzt einkaufen!\" \/>\n<meta name=\"robots\" content=\"index, follow, max-snippet:-1, max-image-preview:large, max-video-preview:-1\" \/>\n<link rel=\"canonical\" href=\"https:\/\/www.home3d.nl\/de\/produkt\/home-3d-tuergriff-laengsschild-quadratisch\/\" \/>\n<meta property=\"og:locale\" content=\"de_DE\" \/>\n<meta property=\"og:type\" content=\"article\" \/>\n<meta property=\"og:title\" content=\"Moderne lange T\u00fcrgriffe &amp; T\u00fcrst\u00fctzen | 10 Farben | Home 3D\" \/>\n<meta property=\"og:description\" content=\"Suchen Sie nach einzigartigen T\u00fcrgriffen? Entdecken Sie unseren 3D-gedruckten T\u00fcrgriff in 8 stilvollen Farben. Holl\u00e4ndisches Design, langlebig und einfach zu montieren. Jetzt einkaufen!\" \/>\n<meta property=\"og:url\" content=\"https:\/\/www.home3d.nl\/de\/produkt\/home-3d-tuergriff-laengsschild-quadratisch\/\" \/>\n<meta property=\"og:site_name\" content=\"Home3D.nl\" \/>\n<meta property=\"article:modified_time\" content=\"2026-05-13T08:34:27+00:00\" \/>\n<meta property=\"og:image\" content=\"https:\/\/www.home3d.nl\/wp-content\/uploads\/2026\/03\/uin.png\" \/>\n\t<meta property=\"og:image:width\" content=\"1080\" \/>\n\t<meta property=\"og:image:height\" content=\"1080\" \/>\n\t<meta property=\"og:image:type\" content=\"image\/png\" \/>\n<meta name=\"twitter:card\" content=\"summary_large_image\" \/>\n<meta name=\"twitter:label1\" content=\"Gesch\u00e4tzte Lesezeit\" \/>\n\t<meta name=\"twitter:data1\" content=\"2\u00a0Minuten\" \/>\n<script type=\"application\/ld+json\" class=\"yoast-schema-graph\">{\"@context\":\"https:\\\/\\\/schema.org\",\"@graph\":[{\"@type\":\"WebPage\",\"@id\":\"https:\\\/\\\/www.home3d.nl\\\/de\\\/produkt\\\/home-3d-tuergriff-laengsschild-quadratisch\\\/\",\"url\":\"https:\\\/\\\/www.home3d.nl\\\/de\\\/produkt\\\/home-3d-tuergriff-laengsschild-quadratisch\\\/\",\"name\":\"Moderne lange T\u00fcrgriffe & T\u00fcrst\u00fctzen | 10 Farben | Home 3D\",\"isPartOf\":{\"@id\":\"https:\\\/\\\/www.home3d.nl\\\/de\\\/#website\"},\"primaryImageOfPage\":{\"@id\":\"https:\\\/\\\/www.home3d.nl\\\/de\\\/produkt\\\/home-3d-tuergriff-laengsschild-quadratisch\\\/#primaryimage\"},\"image\":{\"@id\":\"https:\\\/\\\/www.home3d.nl\\\/de\\\/produkt\\\/home-3d-tuergriff-laengsschild-quadratisch\\\/#primaryimage\"},\"thumbnailUrl\":\"https:\\\/\\\/www.home3d.nl\\\/wp-content\\\/uploads\\\/2026\\\/04\\\/uin-2.jpg\",\"datePublished\":\"2026-03-10T10:07:34+00:00\",\"dateModified\":\"2026-05-13T08:34:27+00:00\",\"description\":\"Suchen Sie nach einzigartigen T\u00fcrgriffen? Entdecken Sie unseren 3D-gedruckten T\u00fcrgriff in 8 stilvollen Farben. Holl\u00e4ndisches Design, langlebig und einfach zu montieren. Jetzt einkaufen!\",\"breadcrumb\":{\"@id\":\"https:\\\/\\\/www.home3d.nl\\\/de\\\/produkt\\\/home-3d-tuergriff-laengsschild-quadratisch\\\/#breadcrumb\"},\"inLanguage\":\"de\",\"potentialAction\":[{\"@type\":\"ReadAction\",\"target\":[\"https:\\\/\\\/www.home3d.nl\\\/de\\\/produkt\\\/home-3d-tuergriff-laengsschild-quadratisch\\\/\"]}]},{\"@type\":\"ImageObject\",\"inLanguage\":\"de\",\"@id\":\"https:\\\/\\\/www.home3d.nl\\\/de\\\/produkt\\\/home-3d-tuergriff-laengsschild-quadratisch\\\/#primaryimage\",\"url\":\"https:\\\/\\\/www.home3d.nl\\\/wp-content\\\/uploads\\\/2026\\\/04\\\/uin-2.jpg\",\"contentUrl\":\"https:\\\/\\\/www.home3d.nl\\\/wp-content\\\/uploads\\\/2026\\\/04\\\/uin-2.jpg\",\"width\":1080,\"height\":1080,\"caption\":\"Deurklink Langschild Wit vierkant op model\"},{\"@type\":\"BreadcrumbList\",\"@id\":\"https:\\\/\\\/www.home3d.nl\\\/de\\\/produkt\\\/home-3d-tuergriff-laengsschild-quadratisch\\\/#breadcrumb\",\"itemListElement\":[{\"@type\":\"ListItem\",\"position\":1,\"name\":\"Startseite\",\"item\":\"https:\\\/\\\/www.home3d.nl\\\/de\\\/\"},{\"@type\":\"ListItem\",\"position\":2,\"name\":\"Shop\",\"item\":\"https:\\\/\\\/www.home3d.nl\\\/de\\\/shop\\\/\"},{\"@type\":\"ListItem\",\"position\":3,\"name\":\"Home 3D T\u00fcrgriff L\u00e4ngsschild - Quadratisch\"}]},{\"@type\":\"WebSite\",\"@id\":\"https:\\\/\\\/www.home3d.nl\\\/de\\\/#website\",\"url\":\"https:\\\/\\\/www.home3d.nl\\\/de\\\/\",\"name\":\"Home3D.nl\",\"description\":\"\",\"publisher\":{\"@id\":\"https:\\\/\\\/www.home3d.nl\\\/de\\\/#organization\"},\"potentialAction\":[{\"@type\":\"SearchAction\",\"target\":{\"@type\":\"EntryPoint\",\"urlTemplate\":\"https:\\\/\\\/www.home3d.nl\\\/de\\\/?s={search_term_string}\"},\"query-input\":{\"@type\":\"PropertyValueSpecification\",\"valueRequired\":true,\"valueName\":\"search_term_string\"}}],\"inLanguage\":\"de\"},{\"@type\":\"Organization\",\"@id\":\"https:\\\/\\\/www.home3d.nl\\\/de\\\/#organization\",\"name\":\"Home3D.nl\",\"url\":\"https:\\\/\\\/www.home3d.nl\\\/de\\\/\",\"logo\":{\"@type\":\"ImageObject\",\"inLanguage\":\"de\",\"@id\":\"https:\\\/\\\/www.home3d.nl\\\/de\\\/#\\\/schema\\\/logo\\\/image\\\/\",\"url\":\"https:\\\/\\\/www.home3d.nl\\\/wp-content\\\/uploads\\\/2023\\\/10\\\/Nieuw_logo_home_3d-1.png\",\"contentUrl\":\"https:\\\/\\\/www.home3d.nl\\\/wp-content\\\/uploads\\\/2023\\\/10\\\/Nieuw_logo_home_3d-1.png\",\"width\":8880,\"height\":4000,\"caption\":\"Home3D.nl\"},\"image\":{\"@id\":\"https:\\\/\\\/www.home3d.nl\\\/de\\\/#\\\/schema\\\/logo\\\/image\\\/\"}}]}<\/script>\n<!-- \/ Yoast SEO plugin. -->","yoast_head_json":{"title":"Moderne lange T\u00fcrgriffe & T\u00fcrst\u00fctzen | 10 Farben | Home 3D","description":"Suchen Sie nach einzigartigen T\u00fcrgriffen? Entdecken Sie unseren 3D-gedruckten T\u00fcrgriff in 8 stilvollen Farben. Holl\u00e4ndisches Design, langlebig und einfach zu montieren. Jetzt einkaufen!","robots":{"index":"index","follow":"follow","max-snippet":"max-snippet:-1","max-image-preview":"max-image-preview:large","max-video-preview":"max-video-preview:-1"},"canonical":"https:\/\/www.home3d.nl\/de\/produkt\/home-3d-tuergriff-laengsschild-quadratisch\/","og_locale":"de_DE","og_type":"article","og_title":"Moderne lange T\u00fcrgriffe & T\u00fcrst\u00fctzen | 10 Farben | Home 3D","og_description":"Suchen Sie nach einzigartigen T\u00fcrgriffen? Entdecken Sie unseren 3D-gedruckten T\u00fcrgriff in 8 stilvollen Farben. Holl\u00e4ndisches Design, langlebig und einfach zu montieren. Jetzt einkaufen!","og_url":"https:\/\/www.home3d.nl\/de\/produkt\/home-3d-tuergriff-laengsschild-quadratisch\/","og_site_name":"Home3D.nl","article_modified_time":"2026-05-13T08:34:27+00:00","og_image":[{"width":1080,"height":1080,"url":"https:\/\/www.home3d.nl\/wp-content\/uploads\/2026\/03\/uin.png","type":"image\/png"}],"twitter_card":"summary_large_image","twitter_misc":{"Gesch\u00e4tzte Lesezeit":"2\u00a0Minuten"},"schema":{"@context":"https:\/\/schema.org","@graph":[{"@type":"WebPage","@id":"https:\/\/www.home3d.nl\/de\/produkt\/home-3d-tuergriff-laengsschild-quadratisch\/","url":"https:\/\/www.home3d.nl\/de\/produkt\/home-3d-tuergriff-laengsschild-quadratisch\/","name":"Moderne lange T\u00fcrgriffe & T\u00fcrst\u00fctzen | 10 Farben | Home 3D","isPartOf":{"@id":"https:\/\/www.home3d.nl\/de\/#website"},"primaryImageOfPage":{"@id":"https:\/\/www.home3d.nl\/de\/produkt\/home-3d-tuergriff-laengsschild-quadratisch\/#primaryimage"},"image":{"@id":"https:\/\/www.home3d.nl\/de\/produkt\/home-3d-tuergriff-laengsschild-quadratisch\/#primaryimage"},"thumbnailUrl":"https:\/\/www.home3d.nl\/wp-content\/uploads\/2026\/04\/uin-2.jpg","datePublished":"2026-03-10T10:07:34+00:00","dateModified":"2026-05-13T08:34:27+00:00","description":"Suchen Sie nach einzigartigen T\u00fcrgriffen? Entdecken Sie unseren 3D-gedruckten T\u00fcrgriff in 8 stilvollen Farben. Holl\u00e4ndisches Design, langlebig und einfach zu montieren. Jetzt einkaufen!","breadcrumb":{"@id":"https:\/\/www.home3d.nl\/de\/produkt\/home-3d-tuergriff-laengsschild-quadratisch\/#breadcrumb"},"inLanguage":"de","potentialAction":[{"@type":"ReadAction","target":["https:\/\/www.home3d.nl\/de\/produkt\/home-3d-tuergriff-laengsschild-quadratisch\/"]}]},{"@type":"ImageObject","inLanguage":"de","@id":"https:\/\/www.home3d.nl\/de\/produkt\/home-3d-tuergriff-laengsschild-quadratisch\/#primaryimage","url":"https:\/\/www.home3d.nl\/wp-content\/uploads\/2026\/04\/uin-2.jpg","contentUrl":"https:\/\/www.home3d.nl\/wp-content\/uploads\/2026\/04\/uin-2.jpg","width":1080,"height":1080,"caption":"Deurklink Langschild Wit vierkant op model"},{"@type":"BreadcrumbList","@id":"https:\/\/www.home3d.nl\/de\/produkt\/home-3d-tuergriff-laengsschild-quadratisch\/#breadcrumb","itemListElement":[{"@type":"ListItem","position":1,"name":"Startseite","item":"https:\/\/www.home3d.nl\/de\/"},{"@type":"ListItem","position":2,"name":"Shop","item":"https:\/\/www.home3d.nl\/de\/shop\/"},{"@type":"ListItem","position":3,"name":"Home 3D T\u00fcrgriff L\u00e4ngsschild - Quadratisch"}]},{"@type":"WebSite","@id":"https:\/\/www.home3d.nl\/de\/#website","url":"https:\/\/www.home3d.nl\/de\/","name":"Home3D.nl","description":"","publisher":{"@id":"https:\/\/www.home3d.nl\/de\/#organization"},"potentialAction":[{"@type":"SearchAction","target":{"@type":"EntryPoint","urlTemplate":"https:\/\/www.home3d.nl\/de\/?s={search_term_string}"},"query-input":{"@type":"PropertyValueSpecification","valueRequired":true,"valueName":"search_term_string"}}],"inLanguage":"de"},{"@type":"Organization","@id":"https:\/\/www.home3d.nl\/de\/#organization","name":"Home3D.nl","url":"https:\/\/www.home3d.nl\/de\/","logo":{"@type":"ImageObject","inLanguage":"de","@id":"https:\/\/www.home3d.nl\/de\/#\/schema\/logo\/image\/","url":"https:\/\/www.home3d.nl\/wp-content\/uploads\/2023\/10\/Nieuw_logo_home_3d-1.png","contentUrl":"https:\/\/www.home3d.nl\/wp-content\/uploads\/2023\/10\/Nieuw_logo_home_3d-1.png","width":8880,"height":4000,"caption":"Home3D.nl"},"image":{"@id":"https:\/\/www.home3d.nl\/de\/#\/schema\/logo\/image\/"}}]}},"_links":{"self":[{"href":"https:\/\/www.home3d.nl\/de\/wp-json\/wp\/v2\/product\/8222","targetHints":{"allow":["GET"]}}],"collection":[{"href":"https:\/\/www.home3d.nl\/de\/wp-json\/wp\/v2\/product"}],"about":[{"href":"https:\/\/www.home3d.nl\/de\/wp-json\/wp\/v2\/types\/product"}],"replies":[{"embeddable":true,"href":"https:\/\/www.home3d.nl\/de\/wp-json\/wp\/v2\/comments?post=8222"}],"version-history":[{"count":0,"href":"https:\/\/www.home3d.nl\/de\/wp-json\/wp\/v2\/product\/8222\/revisions"}],"wp:featuredmedia":[{"embeddable":true,"href":"https:\/\/www.home3d.nl\/de\/wp-json\/wp\/v2\/media\/9603"}],"wp:attachment":[{"href":"https:\/\/www.home3d.nl\/de\/wp-json\/wp\/v2\/media?parent=8222"}],"wp:term":[{"taxonomy":"product_brand","embeddable":true,"href":"https:\/\/www.home3d.nl\/de\/wp-json\/wp\/v2\/product_brand?post=8222"},{"taxonomy":"product_cat","embeddable":true,"href":"https:\/\/www.home3d.nl\/de\/wp-json\/wp\/v2\/product_cat?post=8222"},{"taxonomy":"product_tag","embeddable":true,"href":"https:\/\/www.home3d.nl\/de\/wp-json\/wp\/v2\/product_tag?post=8222"}],"curies":[{"name":"wp","href":"https:\/\/api.w.org\/{rel}","templated":true}]}}