{"id":8082,"date":"2026-03-05T13:06:10","date_gmt":"2026-03-05T12:06:10","guid":{"rendered":"https:\/\/www.home3d.nl\/product\/wood-handle-tuergriff-quadratisch\/"},"modified":"2026-05-13T09:32:18","modified_gmt":"2026-05-13T08:32:18","slug":"wood-handle-tuergriff-quadratisch","status":"publish","type":"product","link":"https:\/\/www.home3d.nl\/de\/produkt\/wood-handle-tuergriff-quadratisch\/","title":{"rendered":"Wood Handle T\u00fcrgriff - Quadratisch"},"content":{"rendered":"<h5 data-path-to-node=\"3\">Versch\u00f6nern Sie Ihr Interieur mit einem einzigartigen T\u00fcrgriff von Home 3D<\/h5>\n<p data-path-to-node=\"4\">Sind Sie auf der Suche nach einer modernen Art, Ihre T\u00fcren zu versch\u00f6nern? Unsere exklusiven T\u00fcrgriffe bieten die perfekte Kombination aus innovativem Design und hochwertiger Handwerkskunst. Jeder T\u00fcrgriff wird von uns in den Niederlanden mit Hilfe fortschrittlicher 3D-Drucktechniken entworfen und hergestellt. So k\u00f6nnen Sie sicher sein, dass Sie ein Produkt erhalten, das Sie nirgendwo anders finden. Die subtile, f\u00fchlbare Textur verleiht diesem schwarzen oder farbigen T\u00fcrbeschlag ein luxuri\u00f6ses Aussehen, das in jeder modernen Einrichtung sofort auff\u00e4llt.<\/p>\n<h5 data-path-to-node=\"5\">Nachhaltiges niederl\u00e4ndisches Design und optimaler Komfort<\/h5>\n<p data-path-to-node=\"6\">Bei Home 3D steht die Qualit\u00e4t im Mittelpunkt des gesamten Produktionsprozesses. Wir verwenden nur starke, langlebige Materialien, die jahrelangem, intensivem Gebrauch standhalten k\u00f6nnen. So ist sichergestellt, dass sich unsere modernen T\u00fcrgriffe nicht nur robust anf\u00fchlen, sondern auch ergonomisch und angenehm in der Hand liegen. Dar\u00fcber hinaus ist die Montage eines neuen T\u00fcrgriffs an fast jeder Standard-Innent\u00fcr sehr einfach. Innerhalb weniger Minuten k\u00f6nnen Sie Ihrem Zuhause mit diesem einzigartigen T\u00fcrbeschlag einen v\u00f6llig neuen Look verleihen.<\/p>\n<h5 data-path-to-node=\"7\">W\u00e4hlen Sie aus 10 stilvollen Farben f\u00fcr jeden T\u00fcrgriff<\/h5>\n<p data-path-to-node=\"8\">Jeder Wohnstil erfordert eine bestimmte Ausf\u00fchrung. Deshalb ist unsere Kollektion in bis zu 10 verschiedenen Farben erh\u00e4ltlich. Ob Sie sich f\u00fcr die beliebten schwarzen T\u00fcrgriffe, das moderne Anthrazit oder eine gewagte Trendfarbe entscheiden; es gibt immer eine passende Farbe f\u00fcr Ihre T\u00fcren. Jeder T\u00fcrgriff ist farbecht, strapazierf\u00e4hig und l\u00e4sst sich leicht mit einem feuchten Tuch reinigen. Entscheiden Sie sich f\u00fcr Innovation und Stil in den kleinsten Details Ihres Hauses mit T\u00fcrbeschl\u00e4gen von Home 3D.<\/p>\n","protected":false},"excerpt":{"rendered":"<h5 data-path-to-node=\"3\">Versch\u00f6nern Sie Ihr Interieur mit einem einzigartigen T\u00fcrgriff von Home 3D<\/h5>\n<p data-path-to-node=\"4\">Sind Sie auf der Suche nach einer modernen Art, Ihre T\u00fcren zu versch\u00f6nern? Unsere exklusiven T\u00fcrgriffe bieten die perfekte Kombination aus innovativem Design und hochwertiger Handwerkskunst. Jeder T\u00fcrgriff wird von uns in den Niederlanden mit Hilfe fortschrittlicher 3D-Drucktechniken entworfen und hergestellt. So k\u00f6nnen Sie sicher sein, dass Sie ein Produkt erhalten, das Sie nirgendwo anders finden. Die subtile, f\u00fchlbare Textur verleiht diesem schwarzen oder farbigen T\u00fcrbeschlag ein luxuri\u00f6ses Aussehen, das in jeder modernen Einrichtung sofort auff\u00e4llt.<\/p>\n<h5 data-path-to-node=\"5\">Nachhaltiges niederl\u00e4ndisches Design und optimaler Komfort<\/h5>\n<p data-path-to-node=\"6\">Bei Home 3D steht die Qualit\u00e4t im Mittelpunkt des gesamten Produktionsprozesses. Wir verwenden nur starke, langlebige Materialien, die jahrelangem, intensivem Gebrauch standhalten k\u00f6nnen. So ist sichergestellt, dass sich unsere modernen T\u00fcrgriffe nicht nur robust anf\u00fchlen, sondern auch ergonomisch und angenehm in der Hand liegen. Dar\u00fcber hinaus ist die Montage eines neuen T\u00fcrgriffs an fast jeder Standard-Innent\u00fcr sehr einfach. Innerhalb weniger Minuten k\u00f6nnen Sie Ihrem Zuhause mit diesem einzigartigen T\u00fcrbeschlag einen v\u00f6llig neuen Look verleihen.<\/p>\n<h5 data-path-to-node=\"7\">W\u00e4hlen Sie aus 10 stilvollen Farben f\u00fcr jeden T\u00fcrgriff<\/h5>\n<p data-path-to-node=\"8\">Jeder Wohnstil erfordert eine bestimmte Ausf\u00fchrung. Deshalb ist unsere Kollektion in bis zu 10 verschiedenen Farben erh\u00e4ltlich. Ob Sie sich f\u00fcr die beliebten schwarzen T\u00fcrgriffe, das moderne Anthrazit oder eine gewagte Trendfarbe entscheiden; es gibt immer eine passende Farbe f\u00fcr Ihre T\u00fcren. Jeder T\u00fcrgriff ist farbecht, strapazierf\u00e4hig und l\u00e4sst sich leicht mit einem feuchten Tuch reinigen. Entscheiden Sie sich f\u00fcr Innovation und Stil in den kleinsten Details Ihres Hauses mit T\u00fcrbeschl\u00e4gen von Home 3D.<\/p>\n","protected":false},"featured_media":8097,"comment_status":"open","ping_status":"closed","template":"","meta":{"_acf_changed":false,"inline_featured_image":false},"product_brand":[],"product_cat":[107],"product_tag":[],"class_list":{"0":"post-8082","1":"product","2":"type-product","3":"status-publish","4":"has-post-thumbnail","6":"product_cat-turgriffe","7":"product_shipping_class-paket","9":"first","10":"instock","11":"taxable","12":"shipping-taxable","13":"purchasable","14":"product-type-variable"},"acf":[],"yoast_head":"<!-- This site is optimized with the Yoast SEO plugin v27.6 - https:\/\/yoast.com\/product\/yoast-seo-wordpress\/ -->\n<title>Moderne T\u00fcrklinken kaufen | Einzigartiges Design | Home 3D<\/title>\n<meta name=\"description\" content=\"Entdecken Sie einzigartige T\u00fcrklinken aus dem 3D-Drucker. Nachhaltiges Design aus den Niederlanden in 10 stylischen Farben. Jetzt Ihr Interieur aufwerten!\" \/>\n<meta name=\"robots\" content=\"index, follow, max-snippet:-1, max-image-preview:large, max-video-preview:-1\" \/>\n<link rel=\"canonical\" href=\"https:\/\/www.home3d.nl\/de\/produkt\/wood-handle-tuergriff-quadratisch\/\" \/>\n<meta property=\"og:locale\" content=\"de_DE\" \/>\n<meta property=\"og:type\" content=\"article\" \/>\n<meta property=\"og:title\" content=\"Moderne T\u00fcrklinken kaufen | Einzigartiges Design | Home 3D\" \/>\n<meta property=\"og:description\" content=\"Entdecken Sie einzigartige T\u00fcrklinken aus dem 3D-Drucker. Nachhaltiges Design aus den Niederlanden in 10 stylischen Farben. Jetzt Ihr Interieur aufwerten!\" \/>\n<meta property=\"og:url\" content=\"https:\/\/www.home3d.nl\/de\/produkt\/wood-handle-tuergriff-quadratisch\/\" \/>\n<meta property=\"og:site_name\" content=\"Home3D.nl\" \/>\n<meta property=\"article:modified_time\" content=\"2026-05-13T08:32:18+00:00\" \/>\n<meta property=\"og:image\" content=\"https:\/\/www.home3d.nl\/wp-content\/uploads\/2026\/03\/model-foto-Wit.jpg\" \/>\n\t<meta property=\"og:image:width\" content=\"1080\" \/>\n\t<meta property=\"og:image:height\" content=\"1080\" \/>\n\t<meta property=\"og:image:type\" content=\"image\/jpeg\" \/>\n<meta name=\"twitter:card\" content=\"summary_large_image\" \/>\n<meta name=\"twitter:label1\" content=\"Gesch\u00e4tzte Lesezeit\" \/>\n\t<meta name=\"twitter:data1\" content=\"2\u00a0Minuten\" \/>\n<script type=\"application\/ld+json\" class=\"yoast-schema-graph\">{\"@context\":\"https:\\\/\\\/schema.org\",\"@graph\":[{\"@type\":\"WebPage\",\"@id\":\"https:\\\/\\\/www.home3d.nl\\\/de\\\/produkt\\\/wood-handle-tuergriff-quadratisch\\\/\",\"url\":\"https:\\\/\\\/www.home3d.nl\\\/de\\\/produkt\\\/wood-handle-tuergriff-quadratisch\\\/\",\"name\":\"Moderne T\u00fcrklinken kaufen | Einzigartiges Design | Home 3D\",\"isPartOf\":{\"@id\":\"https:\\\/\\\/www.home3d.nl\\\/de\\\/#website\"},\"primaryImageOfPage\":{\"@id\":\"https:\\\/\\\/www.home3d.nl\\\/de\\\/produkt\\\/wood-handle-tuergriff-quadratisch\\\/#primaryimage\"},\"image\":{\"@id\":\"https:\\\/\\\/www.home3d.nl\\\/de\\\/produkt\\\/wood-handle-tuergriff-quadratisch\\\/#primaryimage\"},\"thumbnailUrl\":\"https:\\\/\\\/www.home3d.nl\\\/wp-content\\\/uploads\\\/2026\\\/03\\\/model-foto-Wit.jpg\",\"datePublished\":\"2026-03-05T12:06:10+00:00\",\"dateModified\":\"2026-05-13T08:32:18+00:00\",\"description\":\"Entdecken Sie einzigartige T\u00fcrklinken aus dem 3D-Drucker. Nachhaltiges Design aus den Niederlanden in 10 stylischen Farben. Jetzt Ihr Interieur aufwerten!\",\"breadcrumb\":{\"@id\":\"https:\\\/\\\/www.home3d.nl\\\/de\\\/produkt\\\/wood-handle-tuergriff-quadratisch\\\/#breadcrumb\"},\"inLanguage\":\"de\",\"potentialAction\":[{\"@type\":\"ReadAction\",\"target\":[\"https:\\\/\\\/www.home3d.nl\\\/de\\\/produkt\\\/wood-handle-tuergriff-quadratisch\\\/\"]}]},{\"@type\":\"ImageObject\",\"inLanguage\":\"de\",\"@id\":\"https:\\\/\\\/www.home3d.nl\\\/de\\\/produkt\\\/wood-handle-tuergriff-quadratisch\\\/#primaryimage\",\"url\":\"https:\\\/\\\/www.home3d.nl\\\/wp-content\\\/uploads\\\/2026\\\/03\\\/model-foto-Wit.jpg\",\"contentUrl\":\"https:\\\/\\\/www.home3d.nl\\\/wp-content\\\/uploads\\\/2026\\\/03\\\/model-foto-Wit.jpg\",\"width\":1080,\"height\":1080},{\"@type\":\"BreadcrumbList\",\"@id\":\"https:\\\/\\\/www.home3d.nl\\\/de\\\/produkt\\\/wood-handle-tuergriff-quadratisch\\\/#breadcrumb\",\"itemListElement\":[{\"@type\":\"ListItem\",\"position\":1,\"name\":\"Startseite\",\"item\":\"https:\\\/\\\/www.home3d.nl\\\/de\\\/\"},{\"@type\":\"ListItem\",\"position\":2,\"name\":\"Shop\",\"item\":\"https:\\\/\\\/www.home3d.nl\\\/de\\\/shop\\\/\"},{\"@type\":\"ListItem\",\"position\":3,\"name\":\"Wood Handle T\u00fcrgriff - Quadratisch\"}]},{\"@type\":\"WebSite\",\"@id\":\"https:\\\/\\\/www.home3d.nl\\\/de\\\/#website\",\"url\":\"https:\\\/\\\/www.home3d.nl\\\/de\\\/\",\"name\":\"Home3D.nl\",\"description\":\"\",\"publisher\":{\"@id\":\"https:\\\/\\\/www.home3d.nl\\\/de\\\/#organization\"},\"potentialAction\":[{\"@type\":\"SearchAction\",\"target\":{\"@type\":\"EntryPoint\",\"urlTemplate\":\"https:\\\/\\\/www.home3d.nl\\\/de\\\/?s={search_term_string}\"},\"query-input\":{\"@type\":\"PropertyValueSpecification\",\"valueRequired\":true,\"valueName\":\"search_term_string\"}}],\"inLanguage\":\"de\"},{\"@type\":\"Organization\",\"@id\":\"https:\\\/\\\/www.home3d.nl\\\/de\\\/#organization\",\"name\":\"Home3D.nl\",\"url\":\"https:\\\/\\\/www.home3d.nl\\\/de\\\/\",\"logo\":{\"@type\":\"ImageObject\",\"inLanguage\":\"de\",\"@id\":\"https:\\\/\\\/www.home3d.nl\\\/de\\\/#\\\/schema\\\/logo\\\/image\\\/\",\"url\":\"https:\\\/\\\/www.home3d.nl\\\/wp-content\\\/uploads\\\/2023\\\/10\\\/Nieuw_logo_home_3d-1.png\",\"contentUrl\":\"https:\\\/\\\/www.home3d.nl\\\/wp-content\\\/uploads\\\/2023\\\/10\\\/Nieuw_logo_home_3d-1.png\",\"width\":8880,\"height\":4000,\"caption\":\"Home3D.nl\"},\"image\":{\"@id\":\"https:\\\/\\\/www.home3d.nl\\\/de\\\/#\\\/schema\\\/logo\\\/image\\\/\"}}]}<\/script>\n<!-- \/ Yoast SEO plugin. -->","yoast_head_json":{"title":"Moderne T\u00fcrklinken kaufen | Einzigartiges Design | Home 3D","description":"Entdecken Sie einzigartige T\u00fcrklinken aus dem 3D-Drucker. Nachhaltiges Design aus den Niederlanden in 10 stylischen Farben. Jetzt Ihr Interieur aufwerten!","robots":{"index":"index","follow":"follow","max-snippet":"max-snippet:-1","max-image-preview":"max-image-preview:large","max-video-preview":"max-video-preview:-1"},"canonical":"https:\/\/www.home3d.nl\/de\/produkt\/wood-handle-tuergriff-quadratisch\/","og_locale":"de_DE","og_type":"article","og_title":"Moderne T\u00fcrklinken kaufen | Einzigartiges Design | Home 3D","og_description":"Entdecken Sie einzigartige T\u00fcrklinken aus dem 3D-Drucker. Nachhaltiges Design aus den Niederlanden in 10 stylischen Farben. Jetzt Ihr Interieur aufwerten!","og_url":"https:\/\/www.home3d.nl\/de\/produkt\/wood-handle-tuergriff-quadratisch\/","og_site_name":"Home3D.nl","article_modified_time":"2026-05-13T08:32:18+00:00","og_image":[{"width":1080,"height":1080,"url":"https:\/\/www.home3d.nl\/wp-content\/uploads\/2026\/03\/model-foto-Wit.jpg","type":"image\/jpeg"}],"twitter_card":"summary_large_image","twitter_misc":{"Gesch\u00e4tzte Lesezeit":"2\u00a0Minuten"},"schema":{"@context":"https:\/\/schema.org","@graph":[{"@type":"WebPage","@id":"https:\/\/www.home3d.nl\/de\/produkt\/wood-handle-tuergriff-quadratisch\/","url":"https:\/\/www.home3d.nl\/de\/produkt\/wood-handle-tuergriff-quadratisch\/","name":"Moderne T\u00fcrklinken kaufen | Einzigartiges Design | Home 3D","isPartOf":{"@id":"https:\/\/www.home3d.nl\/de\/#website"},"primaryImageOfPage":{"@id":"https:\/\/www.home3d.nl\/de\/produkt\/wood-handle-tuergriff-quadratisch\/#primaryimage"},"image":{"@id":"https:\/\/www.home3d.nl\/de\/produkt\/wood-handle-tuergriff-quadratisch\/#primaryimage"},"thumbnailUrl":"https:\/\/www.home3d.nl\/wp-content\/uploads\/2026\/03\/model-foto-Wit.jpg","datePublished":"2026-03-05T12:06:10+00:00","dateModified":"2026-05-13T08:32:18+00:00","description":"Entdecken Sie einzigartige T\u00fcrklinken aus dem 3D-Drucker. Nachhaltiges Design aus den Niederlanden in 10 stylischen Farben. Jetzt Ihr Interieur aufwerten!","breadcrumb":{"@id":"https:\/\/www.home3d.nl\/de\/produkt\/wood-handle-tuergriff-quadratisch\/#breadcrumb"},"inLanguage":"de","potentialAction":[{"@type":"ReadAction","target":["https:\/\/www.home3d.nl\/de\/produkt\/wood-handle-tuergriff-quadratisch\/"]}]},{"@type":"ImageObject","inLanguage":"de","@id":"https:\/\/www.home3d.nl\/de\/produkt\/wood-handle-tuergriff-quadratisch\/#primaryimage","url":"https:\/\/www.home3d.nl\/wp-content\/uploads\/2026\/03\/model-foto-Wit.jpg","contentUrl":"https:\/\/www.home3d.nl\/wp-content\/uploads\/2026\/03\/model-foto-Wit.jpg","width":1080,"height":1080},{"@type":"BreadcrumbList","@id":"https:\/\/www.home3d.nl\/de\/produkt\/wood-handle-tuergriff-quadratisch\/#breadcrumb","itemListElement":[{"@type":"ListItem","position":1,"name":"Startseite","item":"https:\/\/www.home3d.nl\/de\/"},{"@type":"ListItem","position":2,"name":"Shop","item":"https:\/\/www.home3d.nl\/de\/shop\/"},{"@type":"ListItem","position":3,"name":"Wood Handle T\u00fcrgriff - Quadratisch"}]},{"@type":"WebSite","@id":"https:\/\/www.home3d.nl\/de\/#website","url":"https:\/\/www.home3d.nl\/de\/","name":"Home3D.nl","description":"","publisher":{"@id":"https:\/\/www.home3d.nl\/de\/#organization"},"potentialAction":[{"@type":"SearchAction","target":{"@type":"EntryPoint","urlTemplate":"https:\/\/www.home3d.nl\/de\/?s={search_term_string}"},"query-input":{"@type":"PropertyValueSpecification","valueRequired":true,"valueName":"search_term_string"}}],"inLanguage":"de"},{"@type":"Organization","@id":"https:\/\/www.home3d.nl\/de\/#organization","name":"Home3D.nl","url":"https:\/\/www.home3d.nl\/de\/","logo":{"@type":"ImageObject","inLanguage":"de","@id":"https:\/\/www.home3d.nl\/de\/#\/schema\/logo\/image\/","url":"https:\/\/www.home3d.nl\/wp-content\/uploads\/2023\/10\/Nieuw_logo_home_3d-1.png","contentUrl":"https:\/\/www.home3d.nl\/wp-content\/uploads\/2023\/10\/Nieuw_logo_home_3d-1.png","width":8880,"height":4000,"caption":"Home3D.nl"},"image":{"@id":"https:\/\/www.home3d.nl\/de\/#\/schema\/logo\/image\/"}}]}},"_links":{"self":[{"href":"https:\/\/www.home3d.nl\/de\/wp-json\/wp\/v2\/product\/8082","targetHints":{"allow":["GET"]}}],"collection":[{"href":"https:\/\/www.home3d.nl\/de\/wp-json\/wp\/v2\/product"}],"about":[{"href":"https:\/\/www.home3d.nl\/de\/wp-json\/wp\/v2\/types\/product"}],"replies":[{"embeddable":true,"href":"https:\/\/www.home3d.nl\/de\/wp-json\/wp\/v2\/comments?post=8082"}],"version-history":[{"count":0,"href":"https:\/\/www.home3d.nl\/de\/wp-json\/wp\/v2\/product\/8082\/revisions"}],"wp:featuredmedia":[{"embeddable":true,"href":"https:\/\/www.home3d.nl\/de\/wp-json\/wp\/v2\/media\/8097"}],"wp:attachment":[{"href":"https:\/\/www.home3d.nl\/de\/wp-json\/wp\/v2\/media?parent=8082"}],"wp:term":[{"taxonomy":"product_brand","embeddable":true,"href":"https:\/\/www.home3d.nl\/de\/wp-json\/wp\/v2\/product_brand?post=8082"},{"taxonomy":"product_cat","embeddable":true,"href":"https:\/\/www.home3d.nl\/de\/wp-json\/wp\/v2\/product_cat?post=8082"},{"taxonomy":"product_tag","embeddable":true,"href":"https:\/\/www.home3d.nl\/de\/wp-json\/wp\/v2\/product_tag?post=8082"}],"curies":[{"name":"wp","href":"https:\/\/api.w.org\/{rel}","templated":true}]}}