{"id":10798,"date":"2026-05-08T13:49:29","date_gmt":"2026-05-08T12:49:29","guid":{"rendered":"https:\/\/www.home3d.nl\/product\/namensschilder-fuer-kinderzimmer\/"},"modified":"2026-05-13T18:25:44","modified_gmt":"2026-05-13T17:25:44","slug":"namensschilder-fuer-kinderzimmer","status":"publish","type":"product","link":"https:\/\/www.home3d.nl\/de\/produkt\/namensschilder-fuer-kinderzimmer\/","title":{"rendered":"Namensschilder f\u00fcr Kinderzimmer"},"content":{"rendered":"<p data-path-to-node=\"7\"><b data-path-to-node=\"7\" data-index-in-node=\"0\">Verleihen Sie dem Kinderzimmer eine einzigartige Note mit einem personalisierten Namensschild<\/b><\/p>\n<p data-path-to-node=\"8\">Machen Sie das Schlafzimmer Ihres Kindes zu einem wahrhaft privaten Ort mit einem stilvollen Namensschild f\u00fcr das Kinderzimmer. Ganz gleich, ob Sie einen Blickfang f\u00fcr die T\u00fcr oder eine dezente Dekoration f\u00fcr das Kinderbett suchen, unsere Namensschilder verleihen jedem Raum sofort eine pers\u00f6nliche und moderne Note. <\/p>\n<p data-path-to-node=\"9\"><b data-path-to-node=\"9\" data-index-in-node=\"0\">Warum sollten Sie sich f\u00fcr ein Home 3D-Namensschild entscheiden?<\/b><\/p>\n<ul data-path-to-node=\"10\">\n<li>\n<p data-path-to-node=\"10,0,0\"><b data-path-to-node=\"10,0,0\" data-index-in-node=\"0\">Vollst\u00e4ndig personalisiert:<\/b> W\u00e4hlen Sie den Namen Ihres Kindes und w\u00e4hlen Sie Ihre Lieblingsfarbe aus unserer umfangreichen Palette (von k\u00fchlem Schwarz bis zu sanftem Beige).<\/p>\n<\/li>\n<li>\n<p data-path-to-node=\"10,1,0\"><b data-path-to-node=\"10,1,0\" data-index-in-node=\"0\">Nachhaltiger 3D-Druck:<\/b> Wir verwenden innovative 3D-Drucktechniken und umweltfreundliche Materialien. Auf diese Weise entscheiden Sie sich nicht nur f\u00fcr Stil, sondern auch f\u00fcr die Zukunft. <\/p>\n<\/li>\n<li>\n<p data-path-to-node=\"10,2,0\"><b data-path-to-node=\"10,2,0\" data-index-in-node=\"0\">Einzigartige Textur:<\/b> Dank des 3D-Druckverfahrens hat jedes Namensschild eine sch\u00f6ne matte Oberfl\u00e4che und eine haptische Textur, die Sie im normalen Baumarkt nicht finden werden.<\/p>\n<\/li>\n<li>\n<p data-path-to-node=\"10,3,0\"><b data-path-to-node=\"10,3,0\" data-index-in-node=\"0\">Einfach zu h\u00e4ngen:<\/b> Unsere Namensschilder sind leicht und lassen sich daher einfach an T\u00fcren oder W\u00e4nden anbringen.<\/p>\n<\/li>\n<\/ul>\n<p data-path-to-node=\"11\">Das perfekte Geschenk f\u00fcr die Mutterschaft Suchen Sie nach einem originellen Geschenk f\u00fcr eine Babyparty oder einen Besuch bei der Mutterschaft? Ein personalisiertes Namensschild ist ein bleibendes Andenken, das jahrelang h\u00e4lt. Es passt perfekt in ein modernes Babyzimmer oder ein abenteuerliches Kinderzimmer.  <\/p>\n<p data-path-to-node=\"12\">Bestellen Sie noch heute Ihr einzigartiges Namensschild W\u00e4hlen Sie Qualit\u00e4t und niederl\u00e4ndisches Design. Bestellen Sie jetzt und erhalten Sie Ihr ma\u00dfgeschneidertes Namensschild schnell! <\/p>\n","protected":false},"excerpt":{"rendered":"<p data-path-to-node=\"7\"><b data-path-to-node=\"7\" data-index-in-node=\"0\">Verleihen Sie dem Kinderzimmer eine einzigartige Note mit einem personalisierten Namensschild<\/b><\/p>\n<p data-path-to-node=\"8\">Machen Sie das Schlafzimmer Ihres Kindes zu einem wahrhaft privaten Ort mit einem stilvollen Namensschild f\u00fcr das Kinderzimmer. Ganz gleich, ob Sie einen Blickfang f\u00fcr die T\u00fcr oder eine dezente Dekoration f\u00fcr das Kinderbett suchen, unsere Namensschilder verleihen jedem Raum sofort eine pers\u00f6nliche und moderne Note. <\/p>\n<p data-path-to-node=\"9\"><b data-path-to-node=\"9\" data-index-in-node=\"0\">Warum sollten Sie sich f\u00fcr ein Home 3D-Namensschild entscheiden?<\/b><\/p>\n<ul data-path-to-node=\"10\">\n<li>\n<p data-path-to-node=\"10,0,0\"><b data-path-to-node=\"10,0,0\" data-index-in-node=\"0\">Vollst\u00e4ndig personalisiert:<\/b> W\u00e4hlen Sie den Namen Ihres Kindes und w\u00e4hlen Sie Ihre Lieblingsfarbe aus unserer umfangreichen Palette (von k\u00fchlem Schwarz bis zu sanftem Beige).<\/p>\n<\/li>\n<li>\n<p data-path-to-node=\"10,1,0\"><b data-path-to-node=\"10,1,0\" data-index-in-node=\"0\">Nachhaltiger 3D-Druck:<\/b> Wir verwenden innovative 3D-Drucktechniken und umweltfreundliche Materialien. Auf diese Weise entscheiden Sie sich nicht nur f\u00fcr Stil, sondern auch f\u00fcr die Zukunft. <\/p>\n<\/li>\n<li>\n<p data-path-to-node=\"10,2,0\"><b data-path-to-node=\"10,2,0\" data-index-in-node=\"0\">Einzigartige Textur:<\/b> Dank des 3D-Druckverfahrens hat jedes Namensschild eine sch\u00f6ne matte Oberfl\u00e4che und eine haptische Textur, die Sie im normalen Baumarkt nicht finden werden.<\/p>\n<\/li>\n<li>\n<p data-path-to-node=\"10,3,0\"><b data-path-to-node=\"10,3,0\" data-index-in-node=\"0\">Einfach zu h\u00e4ngen:<\/b> Unsere Namensschilder sind leicht und lassen sich daher einfach an T\u00fcren oder W\u00e4nden anbringen.<\/p>\n<\/li>\n<\/ul>\n<p data-path-to-node=\"11\">Das perfekte Geschenk f\u00fcr die Mutterschaft Suchen Sie nach einem originellen Geschenk f\u00fcr eine Babyparty oder einen Besuch bei der Mutterschaft? Ein personalisiertes Namensschild ist ein bleibendes Andenken, das jahrelang h\u00e4lt. Es passt perfekt in ein modernes Babyzimmer oder ein abenteuerliches Kinderzimmer.  <\/p>\n<p data-path-to-node=\"12\">Bestellen Sie noch heute Ihr einzigartiges Namensschild W\u00e4hlen Sie Qualit\u00e4t und niederl\u00e4ndisches Design. Bestellen Sie jetzt und erhalten Sie Ihr ma\u00dfgeschneidertes Namensschild schnell! <\/p>\n","protected":false},"featured_media":10804,"comment_status":"open","ping_status":"closed","template":"","meta":{"_acf_changed":false,"inline_featured_image":false},"product_brand":[],"product_cat":[384],"product_tag":[385],"class_list":{"0":"post-10798","1":"product","2":"type-product","3":"status-publish","4":"has-post-thumbnail","6":"product_cat-namensschilder","7":"product_tag-namensschilder","8":"product_shipping_class-briefkasten-paket","10":"first","11":"instock","12":"taxable","13":"shipping-taxable","14":"purchasable","15":"product-type-variable","16":"has-default-attributes"},"acf":[],"yoast_head":"<!-- This site is optimized with the Yoast SEO plugin v27.6 - https:\/\/yoast.com\/product\/yoast-seo-wordpress\/ -->\n<title>Kinderzimmer-Namensschild - Selbst gestalten &amp; Langlebig | Home 3D<\/title>\n<meta name=\"description\" content=\"Personalisiertes Namensschild f\u00fcr das Kinderzimmer. Strapazierf\u00e4higes 3D-Design, erh\u00e4ltlich in vielen Farben. Bestellen Sie Ihre einzigartige Wanddekoration direkt bei Home 3D!\" \/>\n<meta name=\"robots\" content=\"index, follow, max-snippet:-1, max-image-preview:large, max-video-preview:-1\" \/>\n<link rel=\"canonical\" href=\"https:\/\/www.home3d.nl\/de\/produkt\/namensschilder-fuer-kinderzimmer\/\" \/>\n<meta property=\"og:locale\" content=\"de_DE\" \/>\n<meta property=\"og:type\" content=\"article\" \/>\n<meta property=\"og:title\" content=\"Kinderzimmer-Namensschild - Selbst gestalten &amp; Langlebig | Home 3D\" \/>\n<meta property=\"og:description\" content=\"Personalisiertes Namensschild f\u00fcr das Kinderzimmer. Strapazierf\u00e4higes 3D-Design, erh\u00e4ltlich in vielen Farben. Bestellen Sie Ihre einzigartige Wanddekoration direkt bei Home 3D!\" \/>\n<meta property=\"og:url\" content=\"https:\/\/www.home3d.nl\/de\/produkt\/namensschilder-fuer-kinderzimmer\/\" \/>\n<meta property=\"og:site_name\" content=\"Home3D.nl\" \/>\n<meta property=\"article:modified_time\" content=\"2026-05-13T17:25:44+00:00\" \/>\n<meta property=\"og:image\" content=\"https:\/\/www.home3d.nl\/wp-content\/uploads\/2026\/05\/10.jpg\" \/>\n\t<meta property=\"og:image:width\" content=\"1080\" \/>\n\t<meta property=\"og:image:height\" content=\"1080\" \/>\n\t<meta property=\"og:image:type\" content=\"image\/jpeg\" \/>\n<meta name=\"twitter:card\" content=\"summary_large_image\" \/>\n<meta name=\"twitter:label1\" content=\"Gesch\u00e4tzte Lesezeit\" \/>\n\t<meta name=\"twitter:data1\" content=\"1\u00a0Minute\" \/>\n<script type=\"application\/ld+json\" class=\"yoast-schema-graph\">{\"@context\":\"https:\\\/\\\/schema.org\",\"@graph\":[{\"@type\":\"WebPage\",\"@id\":\"https:\\\/\\\/www.home3d.nl\\\/de\\\/produkt\\\/namensschilder-fuer-kinderzimmer\\\/\",\"url\":\"https:\\\/\\\/www.home3d.nl\\\/de\\\/produkt\\\/namensschilder-fuer-kinderzimmer\\\/\",\"name\":\"Kinderzimmer-Namensschild - Selbst gestalten & Langlebig | Home 3D\",\"isPartOf\":{\"@id\":\"https:\\\/\\\/www.home3d.nl\\\/de\\\/#website\"},\"primaryImageOfPage\":{\"@id\":\"https:\\\/\\\/www.home3d.nl\\\/de\\\/produkt\\\/namensschilder-fuer-kinderzimmer\\\/#primaryimage\"},\"image\":{\"@id\":\"https:\\\/\\\/www.home3d.nl\\\/de\\\/produkt\\\/namensschilder-fuer-kinderzimmer\\\/#primaryimage\"},\"thumbnailUrl\":\"https:\\\/\\\/www.home3d.nl\\\/wp-content\\\/uploads\\\/2026\\\/05\\\/10.jpg\",\"datePublished\":\"2026-05-08T12:49:29+00:00\",\"dateModified\":\"2026-05-13T17:25:44+00:00\",\"description\":\"Personalisiertes Namensschild f\u00fcr das Kinderzimmer. Strapazierf\u00e4higes 3D-Design, erh\u00e4ltlich in vielen Farben. Bestellen Sie Ihre einzigartige Wanddekoration direkt bei Home 3D!\",\"breadcrumb\":{\"@id\":\"https:\\\/\\\/www.home3d.nl\\\/de\\\/produkt\\\/namensschilder-fuer-kinderzimmer\\\/#breadcrumb\"},\"inLanguage\":\"de\",\"potentialAction\":[{\"@type\":\"ReadAction\",\"target\":[\"https:\\\/\\\/www.home3d.nl\\\/de\\\/produkt\\\/namensschilder-fuer-kinderzimmer\\\/\"]}]},{\"@type\":\"ImageObject\",\"inLanguage\":\"de\",\"@id\":\"https:\\\/\\\/www.home3d.nl\\\/de\\\/produkt\\\/namensschilder-fuer-kinderzimmer\\\/#primaryimage\",\"url\":\"https:\\\/\\\/www.home3d.nl\\\/wp-content\\\/uploads\\\/2026\\\/05\\\/10.jpg\",\"contentUrl\":\"https:\\\/\\\/www.home3d.nl\\\/wp-content\\\/uploads\\\/2026\\\/05\\\/10.jpg\",\"width\":1080,\"height\":1080,\"caption\":\"Personalisiertes Kinderzimmer Namensschild 3D gedruckt stracciatella\"},{\"@type\":\"BreadcrumbList\",\"@id\":\"https:\\\/\\\/www.home3d.nl\\\/de\\\/produkt\\\/namensschilder-fuer-kinderzimmer\\\/#breadcrumb\",\"itemListElement\":[{\"@type\":\"ListItem\",\"position\":1,\"name\":\"Startseite\",\"item\":\"https:\\\/\\\/www.home3d.nl\\\/de\\\/\"},{\"@type\":\"ListItem\",\"position\":2,\"name\":\"Shop\",\"item\":\"https:\\\/\\\/www.home3d.nl\\\/de\\\/shop\\\/\"},{\"@type\":\"ListItem\",\"position\":3,\"name\":\"Namensschilder f\u00fcr Kinderzimmer\"}]},{\"@type\":\"WebSite\",\"@id\":\"https:\\\/\\\/www.home3d.nl\\\/de\\\/#website\",\"url\":\"https:\\\/\\\/www.home3d.nl\\\/de\\\/\",\"name\":\"Home3D.nl\",\"description\":\"\",\"publisher\":{\"@id\":\"https:\\\/\\\/www.home3d.nl\\\/de\\\/#organization\"},\"potentialAction\":[{\"@type\":\"SearchAction\",\"target\":{\"@type\":\"EntryPoint\",\"urlTemplate\":\"https:\\\/\\\/www.home3d.nl\\\/de\\\/?s={search_term_string}\"},\"query-input\":{\"@type\":\"PropertyValueSpecification\",\"valueRequired\":true,\"valueName\":\"search_term_string\"}}],\"inLanguage\":\"de\"},{\"@type\":\"Organization\",\"@id\":\"https:\\\/\\\/www.home3d.nl\\\/de\\\/#organization\",\"name\":\"Home3D.nl\",\"url\":\"https:\\\/\\\/www.home3d.nl\\\/de\\\/\",\"logo\":{\"@type\":\"ImageObject\",\"inLanguage\":\"de\",\"@id\":\"https:\\\/\\\/www.home3d.nl\\\/de\\\/#\\\/schema\\\/logo\\\/image\\\/\",\"url\":\"https:\\\/\\\/www.home3d.nl\\\/wp-content\\\/uploads\\\/2023\\\/10\\\/Nieuw_logo_home_3d-1.png\",\"contentUrl\":\"https:\\\/\\\/www.home3d.nl\\\/wp-content\\\/uploads\\\/2023\\\/10\\\/Nieuw_logo_home_3d-1.png\",\"width\":8880,\"height\":4000,\"caption\":\"Home3D.nl\"},\"image\":{\"@id\":\"https:\\\/\\\/www.home3d.nl\\\/de\\\/#\\\/schema\\\/logo\\\/image\\\/\"}}]}<\/script>\n<!-- \/ Yoast SEO plugin. -->","yoast_head_json":{"title":"Kinderzimmer-Namensschild - Selbst gestalten & Langlebig | Home 3D","description":"Personalisiertes Namensschild f\u00fcr das Kinderzimmer. Strapazierf\u00e4higes 3D-Design, erh\u00e4ltlich in vielen Farben. Bestellen Sie Ihre einzigartige Wanddekoration direkt bei Home 3D!","robots":{"index":"index","follow":"follow","max-snippet":"max-snippet:-1","max-image-preview":"max-image-preview:large","max-video-preview":"max-video-preview:-1"},"canonical":"https:\/\/www.home3d.nl\/de\/produkt\/namensschilder-fuer-kinderzimmer\/","og_locale":"de_DE","og_type":"article","og_title":"Kinderzimmer-Namensschild - Selbst gestalten & Langlebig | Home 3D","og_description":"Personalisiertes Namensschild f\u00fcr das Kinderzimmer. Strapazierf\u00e4higes 3D-Design, erh\u00e4ltlich in vielen Farben. Bestellen Sie Ihre einzigartige Wanddekoration direkt bei Home 3D!","og_url":"https:\/\/www.home3d.nl\/de\/produkt\/namensschilder-fuer-kinderzimmer\/","og_site_name":"Home3D.nl","article_modified_time":"2026-05-13T17:25:44+00:00","og_image":[{"width":1080,"height":1080,"url":"https:\/\/www.home3d.nl\/wp-content\/uploads\/2026\/05\/10.jpg","type":"image\/jpeg"}],"twitter_card":"summary_large_image","twitter_misc":{"Gesch\u00e4tzte Lesezeit":"1\u00a0Minute"},"schema":{"@context":"https:\/\/schema.org","@graph":[{"@type":"WebPage","@id":"https:\/\/www.home3d.nl\/de\/produkt\/namensschilder-fuer-kinderzimmer\/","url":"https:\/\/www.home3d.nl\/de\/produkt\/namensschilder-fuer-kinderzimmer\/","name":"Kinderzimmer-Namensschild - Selbst gestalten & Langlebig | Home 3D","isPartOf":{"@id":"https:\/\/www.home3d.nl\/de\/#website"},"primaryImageOfPage":{"@id":"https:\/\/www.home3d.nl\/de\/produkt\/namensschilder-fuer-kinderzimmer\/#primaryimage"},"image":{"@id":"https:\/\/www.home3d.nl\/de\/produkt\/namensschilder-fuer-kinderzimmer\/#primaryimage"},"thumbnailUrl":"https:\/\/www.home3d.nl\/wp-content\/uploads\/2026\/05\/10.jpg","datePublished":"2026-05-08T12:49:29+00:00","dateModified":"2026-05-13T17:25:44+00:00","description":"Personalisiertes Namensschild f\u00fcr das Kinderzimmer. Strapazierf\u00e4higes 3D-Design, erh\u00e4ltlich in vielen Farben. Bestellen Sie Ihre einzigartige Wanddekoration direkt bei Home 3D!","breadcrumb":{"@id":"https:\/\/www.home3d.nl\/de\/produkt\/namensschilder-fuer-kinderzimmer\/#breadcrumb"},"inLanguage":"de","potentialAction":[{"@type":"ReadAction","target":["https:\/\/www.home3d.nl\/de\/produkt\/namensschilder-fuer-kinderzimmer\/"]}]},{"@type":"ImageObject","inLanguage":"de","@id":"https:\/\/www.home3d.nl\/de\/produkt\/namensschilder-fuer-kinderzimmer\/#primaryimage","url":"https:\/\/www.home3d.nl\/wp-content\/uploads\/2026\/05\/10.jpg","contentUrl":"https:\/\/www.home3d.nl\/wp-content\/uploads\/2026\/05\/10.jpg","width":1080,"height":1080,"caption":"Personalisiertes Kinderzimmer Namensschild 3D gedruckt stracciatella"},{"@type":"BreadcrumbList","@id":"https:\/\/www.home3d.nl\/de\/produkt\/namensschilder-fuer-kinderzimmer\/#breadcrumb","itemListElement":[{"@type":"ListItem","position":1,"name":"Startseite","item":"https:\/\/www.home3d.nl\/de\/"},{"@type":"ListItem","position":2,"name":"Shop","item":"https:\/\/www.home3d.nl\/de\/shop\/"},{"@type":"ListItem","position":3,"name":"Namensschilder f\u00fcr Kinderzimmer"}]},{"@type":"WebSite","@id":"https:\/\/www.home3d.nl\/de\/#website","url":"https:\/\/www.home3d.nl\/de\/","name":"Home3D.nl","description":"","publisher":{"@id":"https:\/\/www.home3d.nl\/de\/#organization"},"potentialAction":[{"@type":"SearchAction","target":{"@type":"EntryPoint","urlTemplate":"https:\/\/www.home3d.nl\/de\/?s={search_term_string}"},"query-input":{"@type":"PropertyValueSpecification","valueRequired":true,"valueName":"search_term_string"}}],"inLanguage":"de"},{"@type":"Organization","@id":"https:\/\/www.home3d.nl\/de\/#organization","name":"Home3D.nl","url":"https:\/\/www.home3d.nl\/de\/","logo":{"@type":"ImageObject","inLanguage":"de","@id":"https:\/\/www.home3d.nl\/de\/#\/schema\/logo\/image\/","url":"https:\/\/www.home3d.nl\/wp-content\/uploads\/2023\/10\/Nieuw_logo_home_3d-1.png","contentUrl":"https:\/\/www.home3d.nl\/wp-content\/uploads\/2023\/10\/Nieuw_logo_home_3d-1.png","width":8880,"height":4000,"caption":"Home3D.nl"},"image":{"@id":"https:\/\/www.home3d.nl\/de\/#\/schema\/logo\/image\/"}}]}},"_links":{"self":[{"href":"https:\/\/www.home3d.nl\/de\/wp-json\/wp\/v2\/product\/10798","targetHints":{"allow":["GET"]}}],"collection":[{"href":"https:\/\/www.home3d.nl\/de\/wp-json\/wp\/v2\/product"}],"about":[{"href":"https:\/\/www.home3d.nl\/de\/wp-json\/wp\/v2\/types\/product"}],"replies":[{"embeddable":true,"href":"https:\/\/www.home3d.nl\/de\/wp-json\/wp\/v2\/comments?post=10798"}],"version-history":[{"count":0,"href":"https:\/\/www.home3d.nl\/de\/wp-json\/wp\/v2\/product\/10798\/revisions"}],"wp:featuredmedia":[{"embeddable":true,"href":"https:\/\/www.home3d.nl\/de\/wp-json\/wp\/v2\/media\/10804"}],"wp:attachment":[{"href":"https:\/\/www.home3d.nl\/de\/wp-json\/wp\/v2\/media?parent=10798"}],"wp:term":[{"taxonomy":"product_brand","embeddable":true,"href":"https:\/\/www.home3d.nl\/de\/wp-json\/wp\/v2\/product_brand?post=10798"},{"taxonomy":"product_cat","embeddable":true,"href":"https:\/\/www.home3d.nl\/de\/wp-json\/wp\/v2\/product_cat?post=10798"},{"taxonomy":"product_tag","embeddable":true,"href":"https:\/\/www.home3d.nl\/de\/wp-json\/wp\/v2\/product_tag?post=10798"}],"curies":[{"name":"wp","href":"https:\/\/api.w.org\/{rel}","templated":true}]}}