{"id":10225,"date":"2026-05-04T16:01:34","date_gmt":"2026-05-04T15:01:34","guid":{"rendered":"https:\/\/www.home3d.nl\/product\/home-3d-tischlampe\/"},"modified":"2026-05-04T16:38:49","modified_gmt":"2026-05-04T15:38:49","slug":"home-3d-tischlampe","status":"publish","type":"product","link":"https:\/\/www.home3d.nl\/de\/produkt\/home-3d-tischlampe\/","title":{"rendered":"Home 3D Tischlampe"},"content":{"rendered":"<p data-path-to-node=\"7\"><b data-path-to-node=\"7\" data-index-in-node=\"0\">Bringen Sie Atmosph\u00e4re und modernes Design in Ihr Zuhause mit der einzigartigen Home 3D Tischlampe.<\/b><\/p>\n<p data-path-to-node=\"7\">Sind Sie auf der Suche nach einem Blickfang, der Handwerkskunst mit innovativer Technologie verbindet? Die Home 3D Tischleuchte ist ein wunderbares Beispiel f\u00fcr modernes niederl\u00e4ndisches Design. Mit ihrer H\u00f6he von 30 cm ist diese Lampe die ideale Erg\u00e4nzung f\u00fcr jede Einrichtung, ob Sie sie nun als stimmungsvolle Nachtlampe, charakteristische Nachttischlampe oder als Designobjekt auf einem Sideboard verwenden.<\/p>\n<p data-path-to-node=\"8\"><b data-path-to-node=\"8\" data-index-in-node=\"0\">Einzigartiges 3D-gedrucktes Design<\/b> Das Besondere an dieser Tischleuchte ist die einzigartige, geschichtete Struktur, die durch hochwertige 3D-Drucktechnologie erzeugt wird. Der Schirm hat eine raffinierte, mattschwarze Textur, die einen sch\u00f6nen Kontrast zu den drei schlanken Holzbeinen bildet. Dieses Zusammenspiel der Materialien verleiht der Leuchte einen warmen, skandinavischen Look mit einer robusten, industriellen Note.<\/p>\n<p data-path-to-node=\"9\"><b data-path-to-node=\"9\" data-index-in-node=\"0\">Sch\u00f6nes Lichtspiel<\/b> Dank der cleveren Konstruktion des Schirms verbreitet die Lampe ein weiches, diffuses Licht nach oben und unten. Dadurch entsteht ein warmes Leuchten an der Wand und auf der Oberfl\u00e4che, das sofort eine gem\u00fctliche Atmosph\u00e4re im Raum schafft. Perfekt f\u00fcr eine dunkle Ecke im Wohnzimmer oder als beruhigende Beleuchtung neben Ihrem Bett.<\/p>\n<p data-path-to-node=\"9\"><b data-path-to-node=\"12\" data-index-in-node=\"0\">Nachhaltig und lokal<\/b> Wenn Sie sich f\u00fcr die Home 3D Tischleuchte entscheiden, w\u00e4hlen Sie ein Produkt, das mit Sorgfalt hergestellt wurde. Die 3D-Drucktechnik minimiert den Abfall und macht sie zu einer nachhaltigen Wahl f\u00fcr Ihre Einrichtung.<\/p>\n<p data-path-to-node=\"9\">Die Tischleuchte ist in 10 verschiedenen Farben erh\u00e4ltlich.<\/p>\n","protected":false},"excerpt":{"rendered":"<p data-path-to-node=\"7\"><b data-path-to-node=\"7\" data-index-in-node=\"0\">Bringen Sie Atmosph\u00e4re und modernes Design in Ihr Zuhause mit der einzigartigen Home 3D Tischlampe.<\/b><\/p>\n<p data-path-to-node=\"7\">Sind Sie auf der Suche nach einem Blickfang, der Handwerkskunst mit innovativer Technologie verbindet? Die Home 3D Tischleuchte ist ein wunderbares Beispiel f\u00fcr modernes niederl\u00e4ndisches Design. Mit ihrer H\u00f6he von 30 cm ist diese Lampe die ideale Erg\u00e4nzung f\u00fcr jede Einrichtung, ob Sie sie nun als stimmungsvolle Nachtlampe, charakteristische Nachttischlampe oder als Designobjekt auf einem Sideboard verwenden.<\/p>\n<p data-path-to-node=\"8\"><b data-path-to-node=\"8\" data-index-in-node=\"0\">Einzigartiges 3D-gedrucktes Design<\/b> Das Besondere an dieser Tischleuchte ist die einzigartige, geschichtete Struktur, die durch hochwertige 3D-Drucktechnologie erzeugt wird. Der Schirm hat eine raffinierte, mattschwarze Textur, die einen sch\u00f6nen Kontrast zu den drei schlanken Holzbeinen bildet. Dieses Zusammenspiel der Materialien verleiht der Leuchte einen warmen, skandinavischen Look mit einer robusten, industriellen Note.<\/p>\n<p data-path-to-node=\"9\"><b data-path-to-node=\"9\" data-index-in-node=\"0\">Sch\u00f6nes Lichtspiel<\/b> Dank der cleveren Konstruktion des Schirms verbreitet die Lampe ein weiches, diffuses Licht nach oben und unten. Dadurch entsteht ein warmes Leuchten an der Wand und auf der Oberfl\u00e4che, das sofort eine gem\u00fctliche Atmosph\u00e4re im Raum schafft. Perfekt f\u00fcr eine dunkle Ecke im Wohnzimmer oder als beruhigende Beleuchtung neben Ihrem Bett.<\/p>\n<p data-path-to-node=\"9\"><b data-path-to-node=\"12\" data-index-in-node=\"0\">Nachhaltig und lokal<\/b> Wenn Sie sich f\u00fcr die Home 3D Tischleuchte entscheiden, w\u00e4hlen Sie ein Produkt, das mit Sorgfalt hergestellt wurde. Die 3D-Drucktechnik minimiert den Abfall und macht sie zu einer nachhaltigen Wahl f\u00fcr Ihre Einrichtung.<\/p>\n<p data-path-to-node=\"9\">Die Tischleuchte ist in 10 verschiedenen Farben erh\u00e4ltlich.<\/p>\n","protected":false},"featured_media":10200,"comment_status":"open","ping_status":"closed","template":"","meta":{"_acf_changed":false,"inline_featured_image":false},"product_brand":[],"product_cat":[249],"product_tag":[],"class_list":{"0":"post-10225","1":"product","2":"type-product","3":"status-publish","4":"has-post-thumbnail","6":"product_cat-lampen","7":"product_shipping_class-paket","9":"first","10":"instock","11":"taxable","12":"shipping-taxable","13":"purchasable","14":"product-type-variable"},"acf":[],"yoast_head":"<!-- This site is optimized with the Yoast SEO plugin v27.4 - https:\/\/yoast.com\/product\/yoast-seo-wordpress\/ -->\n<title>Design Tischleuchte | 10 Farben | Modern &amp; Stilvoll | Home3D<\/title>\n<meta name=\"description\" content=\"Entdecken Sie unsere Designer-Tischlampe, entworfen und handgefertigt in den Niederlanden. Erh\u00e4ltlich in 10 einzigartigen Farben! Eine dauerhafte Erg\u00e4nzung f\u00fcr jedes Interieur.\" \/>\n<meta name=\"robots\" content=\"index, follow, max-snippet:-1, max-image-preview:large, max-video-preview:-1\" \/>\n<link rel=\"canonical\" href=\"https:\/\/www.home3d.nl\/de\/produkt\/home-3d-tischlampe\/\" \/>\n<meta property=\"og:locale\" content=\"de_DE\" \/>\n<meta property=\"og:type\" content=\"article\" \/>\n<meta property=\"og:title\" content=\"Design Tischleuchte | 10 Farben | Modern &amp; Stilvoll | Home3D\" \/>\n<meta property=\"og:description\" content=\"Entdecken Sie unsere Designer-Tischlampe, entworfen und handgefertigt in den Niederlanden. Erh\u00e4ltlich in 10 einzigartigen Farben! Eine dauerhafte Erg\u00e4nzung f\u00fcr jedes Interieur.\" \/>\n<meta property=\"og:url\" content=\"https:\/\/www.home3d.nl\/de\/produkt\/home-3d-tischlampe\/\" \/>\n<meta property=\"og:site_name\" content=\"Home3D.nl\" \/>\n<meta property=\"article:modified_time\" content=\"2026-05-04T15:38:49+00:00\" \/>\n<meta property=\"og:image\" content=\"https:\/\/www.home3d.nl\/wp-content\/uploads\/2026\/05\/Lamp-Wit-Sfeer-2.jpg\" \/>\n\t<meta property=\"og:image:width\" content=\"900\" \/>\n\t<meta property=\"og:image:height\" content=\"1080\" \/>\n\t<meta property=\"og:image:type\" content=\"image\/jpeg\" \/>\n<meta name=\"twitter:card\" content=\"summary_large_image\" \/>\n<meta name=\"twitter:label1\" content=\"Gesch\u00e4tzte Lesezeit\" \/>\n\t<meta name=\"twitter:data1\" content=\"2\u00a0Minuten\" \/>\n<script type=\"application\/ld+json\" class=\"yoast-schema-graph\">{\"@context\":\"https:\\\/\\\/schema.org\",\"@graph\":[{\"@type\":\"WebPage\",\"@id\":\"https:\\\/\\\/www.home3d.nl\\\/de\\\/produkt\\\/home-3d-tischlampe\\\/\",\"url\":\"https:\\\/\\\/www.home3d.nl\\\/de\\\/produkt\\\/home-3d-tischlampe\\\/\",\"name\":\"Design Tischleuchte | 10 Farben | Modern & Stilvoll | Home3D\",\"isPartOf\":{\"@id\":\"https:\\\/\\\/www.home3d.nl\\\/de\\\/#website\"},\"primaryImageOfPage\":{\"@id\":\"https:\\\/\\\/www.home3d.nl\\\/de\\\/produkt\\\/home-3d-tischlampe\\\/#primaryimage\"},\"image\":{\"@id\":\"https:\\\/\\\/www.home3d.nl\\\/de\\\/produkt\\\/home-3d-tischlampe\\\/#primaryimage\"},\"thumbnailUrl\":\"https:\\\/\\\/www.home3d.nl\\\/wp-content\\\/uploads\\\/2026\\\/05\\\/Lamp-Wit-Sfeer-2.jpg\",\"datePublished\":\"2026-05-04T15:01:34+00:00\",\"dateModified\":\"2026-05-04T15:38:49+00:00\",\"description\":\"Entdecken Sie unsere Designer-Tischlampe, entworfen und handgefertigt in den Niederlanden. Erh\u00e4ltlich in 10 einzigartigen Farben! Eine dauerhafte Erg\u00e4nzung f\u00fcr jedes Interieur.\",\"breadcrumb\":{\"@id\":\"https:\\\/\\\/www.home3d.nl\\\/de\\\/produkt\\\/home-3d-tischlampe\\\/#breadcrumb\"},\"inLanguage\":\"de\",\"potentialAction\":[{\"@type\":\"ReadAction\",\"target\":[\"https:\\\/\\\/www.home3d.nl\\\/de\\\/produkt\\\/home-3d-tischlampe\\\/\"]}]},{\"@type\":\"ImageObject\",\"inLanguage\":\"de\",\"@id\":\"https:\\\/\\\/www.home3d.nl\\\/de\\\/produkt\\\/home-3d-tischlampe\\\/#primaryimage\",\"url\":\"https:\\\/\\\/www.home3d.nl\\\/wp-content\\\/uploads\\\/2026\\\/05\\\/Lamp-Wit-Sfeer-2.jpg\",\"contentUrl\":\"https:\\\/\\\/www.home3d.nl\\\/wp-content\\\/uploads\\\/2026\\\/05\\\/Lamp-Wit-Sfeer-2.jpg\",\"width\":900,\"height\":1080},{\"@type\":\"BreadcrumbList\",\"@id\":\"https:\\\/\\\/www.home3d.nl\\\/de\\\/produkt\\\/home-3d-tischlampe\\\/#breadcrumb\",\"itemListElement\":[{\"@type\":\"ListItem\",\"position\":1,\"name\":\"Startseite\",\"item\":\"https:\\\/\\\/www.home3d.nl\\\/de\\\/\"},{\"@type\":\"ListItem\",\"position\":2,\"name\":\"Shop\",\"item\":\"https:\\\/\\\/www.home3d.nl\\\/de\\\/shop\\\/\"},{\"@type\":\"ListItem\",\"position\":3,\"name\":\"Home 3D Tischlampe\"}]},{\"@type\":\"WebSite\",\"@id\":\"https:\\\/\\\/www.home3d.nl\\\/de\\\/#website\",\"url\":\"https:\\\/\\\/www.home3d.nl\\\/de\\\/\",\"name\":\"Home3D.nl\",\"description\":\"\",\"publisher\":{\"@id\":\"https:\\\/\\\/www.home3d.nl\\\/de\\\/#organization\"},\"potentialAction\":[{\"@type\":\"SearchAction\",\"target\":{\"@type\":\"EntryPoint\",\"urlTemplate\":\"https:\\\/\\\/www.home3d.nl\\\/de\\\/?s={search_term_string}\"},\"query-input\":{\"@type\":\"PropertyValueSpecification\",\"valueRequired\":true,\"valueName\":\"search_term_string\"}}],\"inLanguage\":\"de\"},{\"@type\":\"Organization\",\"@id\":\"https:\\\/\\\/www.home3d.nl\\\/de\\\/#organization\",\"name\":\"Home3D.nl\",\"url\":\"https:\\\/\\\/www.home3d.nl\\\/de\\\/\",\"logo\":{\"@type\":\"ImageObject\",\"inLanguage\":\"de\",\"@id\":\"https:\\\/\\\/www.home3d.nl\\\/de\\\/#\\\/schema\\\/logo\\\/image\\\/\",\"url\":\"https:\\\/\\\/www.home3d.nl\\\/wp-content\\\/uploads\\\/2023\\\/10\\\/Nieuw_logo_home_3d-1.png\",\"contentUrl\":\"https:\\\/\\\/www.home3d.nl\\\/wp-content\\\/uploads\\\/2023\\\/10\\\/Nieuw_logo_home_3d-1.png\",\"width\":8880,\"height\":4000,\"caption\":\"Home3D.nl\"},\"image\":{\"@id\":\"https:\\\/\\\/www.home3d.nl\\\/de\\\/#\\\/schema\\\/logo\\\/image\\\/\"}}]}<\/script>\n<!-- \/ Yoast SEO plugin. -->","yoast_head_json":{"title":"Design Tischleuchte | 10 Farben | Modern & Stilvoll | Home3D","description":"Entdecken Sie unsere Designer-Tischlampe, entworfen und handgefertigt in den Niederlanden. Erh\u00e4ltlich in 10 einzigartigen Farben! Eine dauerhafte Erg\u00e4nzung f\u00fcr jedes Interieur.","robots":{"index":"index","follow":"follow","max-snippet":"max-snippet:-1","max-image-preview":"max-image-preview:large","max-video-preview":"max-video-preview:-1"},"canonical":"https:\/\/www.home3d.nl\/de\/produkt\/home-3d-tischlampe\/","og_locale":"de_DE","og_type":"article","og_title":"Design Tischleuchte | 10 Farben | Modern & Stilvoll | Home3D","og_description":"Entdecken Sie unsere Designer-Tischlampe, entworfen und handgefertigt in den Niederlanden. Erh\u00e4ltlich in 10 einzigartigen Farben! Eine dauerhafte Erg\u00e4nzung f\u00fcr jedes Interieur.","og_url":"https:\/\/www.home3d.nl\/de\/produkt\/home-3d-tischlampe\/","og_site_name":"Home3D.nl","article_modified_time":"2026-05-04T15:38:49+00:00","og_image":[{"width":900,"height":1080,"url":"https:\/\/www.home3d.nl\/wp-content\/uploads\/2026\/05\/Lamp-Wit-Sfeer-2.jpg","type":"image\/jpeg"}],"twitter_card":"summary_large_image","twitter_misc":{"Gesch\u00e4tzte Lesezeit":"2\u00a0Minuten"},"schema":{"@context":"https:\/\/schema.org","@graph":[{"@type":"WebPage","@id":"https:\/\/www.home3d.nl\/de\/produkt\/home-3d-tischlampe\/","url":"https:\/\/www.home3d.nl\/de\/produkt\/home-3d-tischlampe\/","name":"Design Tischleuchte | 10 Farben | Modern & Stilvoll | Home3D","isPartOf":{"@id":"https:\/\/www.home3d.nl\/de\/#website"},"primaryImageOfPage":{"@id":"https:\/\/www.home3d.nl\/de\/produkt\/home-3d-tischlampe\/#primaryimage"},"image":{"@id":"https:\/\/www.home3d.nl\/de\/produkt\/home-3d-tischlampe\/#primaryimage"},"thumbnailUrl":"https:\/\/www.home3d.nl\/wp-content\/uploads\/2026\/05\/Lamp-Wit-Sfeer-2.jpg","datePublished":"2026-05-04T15:01:34+00:00","dateModified":"2026-05-04T15:38:49+00:00","description":"Entdecken Sie unsere Designer-Tischlampe, entworfen und handgefertigt in den Niederlanden. Erh\u00e4ltlich in 10 einzigartigen Farben! Eine dauerhafte Erg\u00e4nzung f\u00fcr jedes Interieur.","breadcrumb":{"@id":"https:\/\/www.home3d.nl\/de\/produkt\/home-3d-tischlampe\/#breadcrumb"},"inLanguage":"de","potentialAction":[{"@type":"ReadAction","target":["https:\/\/www.home3d.nl\/de\/produkt\/home-3d-tischlampe\/"]}]},{"@type":"ImageObject","inLanguage":"de","@id":"https:\/\/www.home3d.nl\/de\/produkt\/home-3d-tischlampe\/#primaryimage","url":"https:\/\/www.home3d.nl\/wp-content\/uploads\/2026\/05\/Lamp-Wit-Sfeer-2.jpg","contentUrl":"https:\/\/www.home3d.nl\/wp-content\/uploads\/2026\/05\/Lamp-Wit-Sfeer-2.jpg","width":900,"height":1080},{"@type":"BreadcrumbList","@id":"https:\/\/www.home3d.nl\/de\/produkt\/home-3d-tischlampe\/#breadcrumb","itemListElement":[{"@type":"ListItem","position":1,"name":"Startseite","item":"https:\/\/www.home3d.nl\/de\/"},{"@type":"ListItem","position":2,"name":"Shop","item":"https:\/\/www.home3d.nl\/de\/shop\/"},{"@type":"ListItem","position":3,"name":"Home 3D Tischlampe"}]},{"@type":"WebSite","@id":"https:\/\/www.home3d.nl\/de\/#website","url":"https:\/\/www.home3d.nl\/de\/","name":"Home3D.nl","description":"","publisher":{"@id":"https:\/\/www.home3d.nl\/de\/#organization"},"potentialAction":[{"@type":"SearchAction","target":{"@type":"EntryPoint","urlTemplate":"https:\/\/www.home3d.nl\/de\/?s={search_term_string}"},"query-input":{"@type":"PropertyValueSpecification","valueRequired":true,"valueName":"search_term_string"}}],"inLanguage":"de"},{"@type":"Organization","@id":"https:\/\/www.home3d.nl\/de\/#organization","name":"Home3D.nl","url":"https:\/\/www.home3d.nl\/de\/","logo":{"@type":"ImageObject","inLanguage":"de","@id":"https:\/\/www.home3d.nl\/de\/#\/schema\/logo\/image\/","url":"https:\/\/www.home3d.nl\/wp-content\/uploads\/2023\/10\/Nieuw_logo_home_3d-1.png","contentUrl":"https:\/\/www.home3d.nl\/wp-content\/uploads\/2023\/10\/Nieuw_logo_home_3d-1.png","width":8880,"height":4000,"caption":"Home3D.nl"},"image":{"@id":"https:\/\/www.home3d.nl\/de\/#\/schema\/logo\/image\/"}}]}},"_links":{"self":[{"href":"https:\/\/www.home3d.nl\/de\/wp-json\/wp\/v2\/product\/10225","targetHints":{"allow":["GET"]}}],"collection":[{"href":"https:\/\/www.home3d.nl\/de\/wp-json\/wp\/v2\/product"}],"about":[{"href":"https:\/\/www.home3d.nl\/de\/wp-json\/wp\/v2\/types\/product"}],"replies":[{"embeddable":true,"href":"https:\/\/www.home3d.nl\/de\/wp-json\/wp\/v2\/comments?post=10225"}],"version-history":[{"count":0,"href":"https:\/\/www.home3d.nl\/de\/wp-json\/wp\/v2\/product\/10225\/revisions"}],"wp:featuredmedia":[{"embeddable":true,"href":"https:\/\/www.home3d.nl\/de\/wp-json\/wp\/v2\/media\/10200"}],"wp:attachment":[{"href":"https:\/\/www.home3d.nl\/de\/wp-json\/wp\/v2\/media?parent=10225"}],"wp:term":[{"taxonomy":"product_brand","embeddable":true,"href":"https:\/\/www.home3d.nl\/de\/wp-json\/wp\/v2\/product_brand?post=10225"},{"taxonomy":"product_cat","embeddable":true,"href":"https:\/\/www.home3d.nl\/de\/wp-json\/wp\/v2\/product_cat?post=10225"},{"taxonomy":"product_tag","embeddable":true,"href":"https:\/\/www.home3d.nl\/de\/wp-json\/wp\/v2\/product_tag?post=10225"}],"curies":[{"name":"wp","href":"https:\/\/api.w.org\/{rel}","templated":true}]}}