{"id":10044,"date":"2026-04-27T12:24:09","date_gmt":"2026-04-27T11:24:09","guid":{"rendered":"https:\/\/www.home3d.nl\/?post_type=product&#038;p=10044"},"modified":"2026-04-28T12:22:34","modified_gmt":"2026-04-28T11:22:34","slug":"wood-handle-tuergriff-2","status":"publish","type":"product","link":"https:\/\/www.home3d.nl\/de\/produkt\/wood-handle-tuergriff-2\/","title":{"rendered":"Wood Handle Tuergriff"},"content":{"rendered":"<h5 data-path-to-node=\"7\">Verleihen Sie Ihrem Interieur ein Upgrade mit modernen T\u00fcrgriffen<\/h5>\n<p data-path-to-node=\"8\">Suchen Sie nach einer einzigartigen M\u00f6glichkeit, Ihre T\u00fcren zu versch\u00f6nern? Unsere T\u00fcrgriffe bieten die perfekte Kombination aus modernem Design und hochwertiger Handwerkskunst. Da wir jeden T\u00fcrgriff in den Niederlanden entwerfen und herstellen, garantieren wir Ihnen ein Produkt, das Sie nirgendwo anders finden k\u00f6nnen. Au\u00dferdem sorgt die subtile 3D-gedruckte Textur f\u00fcr einen luxuri\u00f6sen Look, der in jedem Raum sofort ins Auge f\u00e4llt.<\/p>\n<h4 data-path-to-node=\"9\">Niederl\u00e4ndische Qualit\u00e4t, Design und optimaler Komfort<\/h4>\n<p data-path-to-node=\"10\">Qualit\u00e4t hat f\u00fcr uns w\u00e4hrend des gesamten Produktionsprozesses oberste Priorit\u00e4t. Deshalb verwenden wir starke Materialien, die jahrelangem intensivem Gebrauch standhalten k\u00f6nnen. Dadurch f\u00fchlen sich die T\u00fcrgriffe nicht nur solide an, sondern bieten auch einen sehr angenehmen Griff. Dar\u00fcber hinaus ist die Montage eines neuen T\u00fcrgriffs an fast jeder Standard-Innent\u00fcr sehr einfach. So k\u00f6nnen Sie Ihrem Zuhause mit diesem einzigartigen T\u00fcrbeschlag innerhalb weniger Minuten einen v\u00f6llig neuen Look verleihen.<\/p>\n<h4 data-path-to-node=\"11\">W\u00e4hlen Sie aus 10 stilvollen Farben f\u00fcr jeden T\u00fcrgriff<\/h4>\n<p data-path-to-node=\"12\">Jeder Wohnstil erfordert eine bestimmte Farbe und Ausf\u00fchrung. Aus diesem Grund sind unsere T\u00fcrgriffe in nicht weniger als 10 verschiedenen Farben erh\u00e4ltlich. Ob Sie sich f\u00fcr zeitloses Schwarz, modernes Anthrazit oder eine gewagte Trendfarbe entscheiden, es gibt immer eine passende Farbe f\u00fcr Ihr Interieur. Au\u00dferdem ist jeder T\u00fcrgriff farbecht und l\u00e4sst sich leicht mit einem feuchten Tuch reinigen. Kurzum, Home 3D bringt Innovation und Stil in den kleinsten Details Ihres Zuhauses zusammen.<\/p>\n","protected":false},"excerpt":{"rendered":"<h5 data-path-to-node=\"7\">Verleihen Sie Ihrem Interieur ein Upgrade mit modernen T\u00fcrgriffen<\/h5>\n<p data-path-to-node=\"8\">Suchen Sie nach einer einzigartigen M\u00f6glichkeit, Ihre T\u00fcren zu versch\u00f6nern? Unsere T\u00fcrgriffe bieten die perfekte Kombination aus modernem Design und hochwertiger Handwerkskunst. Da wir jeden T\u00fcrgriff in den Niederlanden entwerfen und herstellen, garantieren wir Ihnen ein Produkt, das Sie nirgendwo anders finden k\u00f6nnen. Au\u00dferdem sorgt die subtile 3D-gedruckte Textur f\u00fcr einen luxuri\u00f6sen Look, der in jedem Raum sofort ins Auge f\u00e4llt.<\/p>\n<h4 data-path-to-node=\"9\">Niederl\u00e4ndische Qualit\u00e4t, Design und optimaler Komfort<\/h4>\n<p data-path-to-node=\"10\">Qualit\u00e4t hat f\u00fcr uns w\u00e4hrend des gesamten Produktionsprozesses oberste Priorit\u00e4t. Deshalb verwenden wir starke Materialien, die jahrelangem intensivem Gebrauch standhalten k\u00f6nnen. Dadurch f\u00fchlen sich die T\u00fcrgriffe nicht nur solide an, sondern bieten auch einen sehr angenehmen Griff. Dar\u00fcber hinaus ist die Montage eines neuen T\u00fcrgriffs an fast jeder Standard-Innent\u00fcr sehr einfach. So k\u00f6nnen Sie Ihrem Zuhause mit diesem einzigartigen T\u00fcrbeschlag innerhalb weniger Minuten einen v\u00f6llig neuen Look verleihen.<\/p>\n<h4 data-path-to-node=\"11\">W\u00e4hlen Sie aus 10 stilvollen Farben f\u00fcr jeden T\u00fcrgriff<\/h4>\n<p data-path-to-node=\"12\">Jeder Wohnstil erfordert eine bestimmte Farbe und Ausf\u00fchrung. Aus diesem Grund sind unsere T\u00fcrgriffe in nicht weniger als 10 verschiedenen Farben erh\u00e4ltlich. Ob Sie sich f\u00fcr zeitloses Schwarz, modernes Anthrazit oder eine gewagte Trendfarbe entscheiden, es gibt immer eine passende Farbe f\u00fcr Ihr Interieur. Au\u00dferdem ist jeder T\u00fcrgriff farbecht und l\u00e4sst sich leicht mit einem feuchten Tuch reinigen. Kurzum, Home 3D bringt Innovation und Stil in den kleinsten Details Ihres Zuhauses zusammen.<\/p>\n","protected":false},"featured_media":5778,"comment_status":"open","ping_status":"closed","template":"","meta":{"_acf_changed":false,"inline_featured_image":false},"product_brand":[],"product_cat":[107],"product_tag":[],"class_list":{"0":"post-10044","1":"product","2":"type-product","3":"status-publish","4":"has-post-thumbnail","6":"product_cat-turgriffe","7":"product_shipping_class-paket","9":"first","10":"instock","11":"taxable","12":"shipping-taxable","13":"purchasable","14":"product-type-variable"},"acf":[],"yoast_head":"<!-- This site is optimized with the Yoast SEO plugin v27.4 - https:\/\/yoast.com\/product\/yoast-seo-wordpress\/ -->\n<title>Nachhaltige T\u00fcrgriffe &amp; Deurklinken | 3D Design | Home 3D<\/title>\n<meta name=\"description\" content=\"Entdecken Sie einzigartige T\u00fcrklinken aus dem 3D-Drucker. Nachhaltiges Design aus den Niederlanden in 10 stylischen Farben. Jetzt Ihr Interieur aufwerten!\" \/>\n<meta name=\"robots\" content=\"index, follow, max-snippet:-1, max-image-preview:large, max-video-preview:-1\" \/>\n<link rel=\"canonical\" href=\"https:\/\/www.home3d.nl\/de\/produkt\/wood-handle-tuergriff-2\/\" \/>\n<meta property=\"og:locale\" content=\"de_DE\" \/>\n<meta property=\"og:type\" content=\"article\" \/>\n<meta property=\"og:title\" content=\"Nachhaltige T\u00fcrgriffe &amp; Deurklinken | 3D Design | Home 3D\" \/>\n<meta property=\"og:description\" content=\"Entdecken Sie einzigartige T\u00fcrklinken aus dem 3D-Drucker. Nachhaltiges Design aus den Niederlanden in 10 stylischen Farben. Jetzt Ihr Interieur aufwerten!\" \/>\n<meta property=\"og:url\" content=\"https:\/\/www.home3d.nl\/de\/produkt\/wood-handle-tuergriff-2\/\" \/>\n<meta property=\"og:site_name\" content=\"Home3D.nl\" \/>\n<meta property=\"article:modified_time\" content=\"2026-04-28T11:22:34+00:00\" \/>\n<meta property=\"og:image\" content=\"https:\/\/www.home3d.nl\/wp-content\/uploads\/2024\/11\/foto-facebook_-1.png\" \/>\n\t<meta property=\"og:image:width\" content=\"1080\" \/>\n\t<meta property=\"og:image:height\" content=\"1080\" \/>\n\t<meta property=\"og:image:type\" content=\"image\/png\" \/>\n<meta name=\"twitter:card\" content=\"summary_large_image\" \/>\n<meta name=\"twitter:label1\" content=\"Gesch\u00e4tzte Lesezeit\" \/>\n\t<meta name=\"twitter:data1\" content=\"2\u00a0Minuten\" \/>\n<script type=\"application\/ld+json\" class=\"yoast-schema-graph\">{\"@context\":\"https:\\\/\\\/schema.org\",\"@graph\":[{\"@type\":\"WebPage\",\"@id\":\"https:\\\/\\\/www.home3d.nl\\\/de\\\/produkt\\\/wood-handle-tuergriff-2\\\/\",\"url\":\"https:\\\/\\\/www.home3d.nl\\\/de\\\/produkt\\\/wood-handle-tuergriff-2\\\/\",\"name\":\"Nachhaltige T\u00fcrgriffe & Deurklinken | 3D Design | Home 3D\",\"isPartOf\":{\"@id\":\"https:\\\/\\\/www.home3d.nl\\\/de\\\/#website\"},\"primaryImageOfPage\":{\"@id\":\"https:\\\/\\\/www.home3d.nl\\\/de\\\/produkt\\\/wood-handle-tuergriff-2\\\/#primaryimage\"},\"image\":{\"@id\":\"https:\\\/\\\/www.home3d.nl\\\/de\\\/produkt\\\/wood-handle-tuergriff-2\\\/#primaryimage\"},\"thumbnailUrl\":\"https:\\\/\\\/www.home3d.nl\\\/wp-content\\\/uploads\\\/2024\\\/11\\\/foto-facebook_-1.png\",\"datePublished\":\"2026-04-27T11:24:09+00:00\",\"dateModified\":\"2026-04-28T11:22:34+00:00\",\"description\":\"Entdecken Sie einzigartige T\u00fcrklinken aus dem 3D-Drucker. Nachhaltiges Design aus den Niederlanden in 10 stylischen Farben. Jetzt Ihr Interieur aufwerten!\",\"breadcrumb\":{\"@id\":\"https:\\\/\\\/www.home3d.nl\\\/de\\\/produkt\\\/wood-handle-tuergriff-2\\\/#breadcrumb\"},\"inLanguage\":\"de\",\"potentialAction\":[{\"@type\":\"ReadAction\",\"target\":[\"https:\\\/\\\/www.home3d.nl\\\/de\\\/produkt\\\/wood-handle-tuergriff-2\\\/\"]}]},{\"@type\":\"ImageObject\",\"inLanguage\":\"de\",\"@id\":\"https:\\\/\\\/www.home3d.nl\\\/de\\\/produkt\\\/wood-handle-tuergriff-2\\\/#primaryimage\",\"url\":\"https:\\\/\\\/www.home3d.nl\\\/wp-content\\\/uploads\\\/2024\\\/11\\\/foto-facebook_-1.png\",\"contentUrl\":\"https:\\\/\\\/www.home3d.nl\\\/wp-content\\\/uploads\\\/2024\\\/11\\\/foto-facebook_-1.png\",\"width\":1080,\"height\":1080,\"caption\":\"T\u00fcrgriff Wei\u00df\"},{\"@type\":\"BreadcrumbList\",\"@id\":\"https:\\\/\\\/www.home3d.nl\\\/de\\\/produkt\\\/wood-handle-tuergriff-2\\\/#breadcrumb\",\"itemListElement\":[{\"@type\":\"ListItem\",\"position\":1,\"name\":\"Startseite\",\"item\":\"https:\\\/\\\/www.home3d.nl\\\/de\\\/\"},{\"@type\":\"ListItem\",\"position\":2,\"name\":\"Shop\",\"item\":\"https:\\\/\\\/www.home3d.nl\\\/de\\\/shop\\\/\"},{\"@type\":\"ListItem\",\"position\":3,\"name\":\"Wood Handle Tuergriff\"}]},{\"@type\":\"WebSite\",\"@id\":\"https:\\\/\\\/www.home3d.nl\\\/de\\\/#website\",\"url\":\"https:\\\/\\\/www.home3d.nl\\\/de\\\/\",\"name\":\"Home3D.nl\",\"description\":\"\",\"publisher\":{\"@id\":\"https:\\\/\\\/www.home3d.nl\\\/de\\\/#organization\"},\"potentialAction\":[{\"@type\":\"SearchAction\",\"target\":{\"@type\":\"EntryPoint\",\"urlTemplate\":\"https:\\\/\\\/www.home3d.nl\\\/de\\\/?s={search_term_string}\"},\"query-input\":{\"@type\":\"PropertyValueSpecification\",\"valueRequired\":true,\"valueName\":\"search_term_string\"}}],\"inLanguage\":\"de\"},{\"@type\":\"Organization\",\"@id\":\"https:\\\/\\\/www.home3d.nl\\\/de\\\/#organization\",\"name\":\"Home3D.nl\",\"url\":\"https:\\\/\\\/www.home3d.nl\\\/de\\\/\",\"logo\":{\"@type\":\"ImageObject\",\"inLanguage\":\"de\",\"@id\":\"https:\\\/\\\/www.home3d.nl\\\/de\\\/#\\\/schema\\\/logo\\\/image\\\/\",\"url\":\"https:\\\/\\\/www.home3d.nl\\\/wp-content\\\/uploads\\\/2023\\\/10\\\/Nieuw_logo_home_3d-1.png\",\"contentUrl\":\"https:\\\/\\\/www.home3d.nl\\\/wp-content\\\/uploads\\\/2023\\\/10\\\/Nieuw_logo_home_3d-1.png\",\"width\":8880,\"height\":4000,\"caption\":\"Home3D.nl\"},\"image\":{\"@id\":\"https:\\\/\\\/www.home3d.nl\\\/de\\\/#\\\/schema\\\/logo\\\/image\\\/\"}}]}<\/script>\n<!-- \/ Yoast SEO plugin. -->","yoast_head_json":{"title":"Nachhaltige T\u00fcrgriffe & Deurklinken | 3D Design | Home 3D","description":"Entdecken Sie einzigartige T\u00fcrklinken aus dem 3D-Drucker. Nachhaltiges Design aus den Niederlanden in 10 stylischen Farben. Jetzt Ihr Interieur aufwerten!","robots":{"index":"index","follow":"follow","max-snippet":"max-snippet:-1","max-image-preview":"max-image-preview:large","max-video-preview":"max-video-preview:-1"},"canonical":"https:\/\/www.home3d.nl\/de\/produkt\/wood-handle-tuergriff-2\/","og_locale":"de_DE","og_type":"article","og_title":"Nachhaltige T\u00fcrgriffe & Deurklinken | 3D Design | Home 3D","og_description":"Entdecken Sie einzigartige T\u00fcrklinken aus dem 3D-Drucker. Nachhaltiges Design aus den Niederlanden in 10 stylischen Farben. Jetzt Ihr Interieur aufwerten!","og_url":"https:\/\/www.home3d.nl\/de\/produkt\/wood-handle-tuergriff-2\/","og_site_name":"Home3D.nl","article_modified_time":"2026-04-28T11:22:34+00:00","og_image":[{"width":1080,"height":1080,"url":"https:\/\/www.home3d.nl\/wp-content\/uploads\/2024\/11\/foto-facebook_-1.png","type":"image\/png"}],"twitter_card":"summary_large_image","twitter_misc":{"Gesch\u00e4tzte Lesezeit":"2\u00a0Minuten"},"schema":{"@context":"https:\/\/schema.org","@graph":[{"@type":"WebPage","@id":"https:\/\/www.home3d.nl\/de\/produkt\/wood-handle-tuergriff-2\/","url":"https:\/\/www.home3d.nl\/de\/produkt\/wood-handle-tuergriff-2\/","name":"Nachhaltige T\u00fcrgriffe & Deurklinken | 3D Design | Home 3D","isPartOf":{"@id":"https:\/\/www.home3d.nl\/de\/#website"},"primaryImageOfPage":{"@id":"https:\/\/www.home3d.nl\/de\/produkt\/wood-handle-tuergriff-2\/#primaryimage"},"image":{"@id":"https:\/\/www.home3d.nl\/de\/produkt\/wood-handle-tuergriff-2\/#primaryimage"},"thumbnailUrl":"https:\/\/www.home3d.nl\/wp-content\/uploads\/2024\/11\/foto-facebook_-1.png","datePublished":"2026-04-27T11:24:09+00:00","dateModified":"2026-04-28T11:22:34+00:00","description":"Entdecken Sie einzigartige T\u00fcrklinken aus dem 3D-Drucker. Nachhaltiges Design aus den Niederlanden in 10 stylischen Farben. Jetzt Ihr Interieur aufwerten!","breadcrumb":{"@id":"https:\/\/www.home3d.nl\/de\/produkt\/wood-handle-tuergriff-2\/#breadcrumb"},"inLanguage":"de","potentialAction":[{"@type":"ReadAction","target":["https:\/\/www.home3d.nl\/de\/produkt\/wood-handle-tuergriff-2\/"]}]},{"@type":"ImageObject","inLanguage":"de","@id":"https:\/\/www.home3d.nl\/de\/produkt\/wood-handle-tuergriff-2\/#primaryimage","url":"https:\/\/www.home3d.nl\/wp-content\/uploads\/2024\/11\/foto-facebook_-1.png","contentUrl":"https:\/\/www.home3d.nl\/wp-content\/uploads\/2024\/11\/foto-facebook_-1.png","width":1080,"height":1080,"caption":"T\u00fcrgriff Wei\u00df"},{"@type":"BreadcrumbList","@id":"https:\/\/www.home3d.nl\/de\/produkt\/wood-handle-tuergriff-2\/#breadcrumb","itemListElement":[{"@type":"ListItem","position":1,"name":"Startseite","item":"https:\/\/www.home3d.nl\/de\/"},{"@type":"ListItem","position":2,"name":"Shop","item":"https:\/\/www.home3d.nl\/de\/shop\/"},{"@type":"ListItem","position":3,"name":"Wood Handle Tuergriff"}]},{"@type":"WebSite","@id":"https:\/\/www.home3d.nl\/de\/#website","url":"https:\/\/www.home3d.nl\/de\/","name":"Home3D.nl","description":"","publisher":{"@id":"https:\/\/www.home3d.nl\/de\/#organization"},"potentialAction":[{"@type":"SearchAction","target":{"@type":"EntryPoint","urlTemplate":"https:\/\/www.home3d.nl\/de\/?s={search_term_string}"},"query-input":{"@type":"PropertyValueSpecification","valueRequired":true,"valueName":"search_term_string"}}],"inLanguage":"de"},{"@type":"Organization","@id":"https:\/\/www.home3d.nl\/de\/#organization","name":"Home3D.nl","url":"https:\/\/www.home3d.nl\/de\/","logo":{"@type":"ImageObject","inLanguage":"de","@id":"https:\/\/www.home3d.nl\/de\/#\/schema\/logo\/image\/","url":"https:\/\/www.home3d.nl\/wp-content\/uploads\/2023\/10\/Nieuw_logo_home_3d-1.png","contentUrl":"https:\/\/www.home3d.nl\/wp-content\/uploads\/2023\/10\/Nieuw_logo_home_3d-1.png","width":8880,"height":4000,"caption":"Home3D.nl"},"image":{"@id":"https:\/\/www.home3d.nl\/de\/#\/schema\/logo\/image\/"}}]}},"_links":{"self":[{"href":"https:\/\/www.home3d.nl\/de\/wp-json\/wp\/v2\/product\/10044","targetHints":{"allow":["GET"]}}],"collection":[{"href":"https:\/\/www.home3d.nl\/de\/wp-json\/wp\/v2\/product"}],"about":[{"href":"https:\/\/www.home3d.nl\/de\/wp-json\/wp\/v2\/types\/product"}],"replies":[{"embeddable":true,"href":"https:\/\/www.home3d.nl\/de\/wp-json\/wp\/v2\/comments?post=10044"}],"version-history":[{"count":0,"href":"https:\/\/www.home3d.nl\/de\/wp-json\/wp\/v2\/product\/10044\/revisions"}],"wp:featuredmedia":[{"embeddable":true,"href":"https:\/\/www.home3d.nl\/de\/wp-json\/wp\/v2\/media\/5778"}],"wp:attachment":[{"href":"https:\/\/www.home3d.nl\/de\/wp-json\/wp\/v2\/media?parent=10044"}],"wp:term":[{"taxonomy":"product_brand","embeddable":true,"href":"https:\/\/www.home3d.nl\/de\/wp-json\/wp\/v2\/product_brand?post=10044"},{"taxonomy":"product_cat","embeddable":true,"href":"https:\/\/www.home3d.nl\/de\/wp-json\/wp\/v2\/product_cat?post=10044"},{"taxonomy":"product_tag","embeddable":true,"href":"https:\/\/www.home3d.nl\/de\/wp-json\/wp\/v2\/product_tag?post=10044"}],"curies":[{"name":"wp","href":"https:\/\/api.w.org\/{rel}","templated":true}]}}